{"id":464025,"date":"2025-06-01T06:37:33","date_gmt":"2025-06-01T04:37:33","guid":{"rendered":"https:\/\/lucacastelli.com\/prodotto\/chariot-pour-marteau-de-demolition\/"},"modified":"2025-06-29T08:05:43","modified_gmt":"2025-06-29T06:05:43","slug":"chariot-pour-marteau-de-demolition","status":"publish","type":"product","link":"https:\/\/lucacastelli.com\/fr\/produit\/chariot-pour-marteau-de-demolition\/","title":{"rendered":"MILWAUKEE Chariot \u00e0 marteau de d\u00e9molition"},"content":{"rendered":"<p>Chariot de transport \u00e0 marteau de d\u00e9molition extr\u00eamement l\u00e9ger avec de grandes roues en caoutchouc pour un transport facile sur un terrain accident\u00e9&lt;Br&gt;  Sangles pour s\u00e9curiser le marteau de d\u00e9molition&lt;Br&gt;  \u00c9quip\u00e9 de 4 compartiments biseaut\u00e9s&lt;Br&gt;  \u00c9quip\u00e9 d\u2019un compartiment pour batterie et chargeur et d\u2019un crochet de c\u00e2ble de chargeur<\/p>\n<p>CODE BARRE : 4058546228248<\/p>\n<p>Caract\u00e9ristiques techniques<br \/>\n15.7<\/p>\n","protected":false},"excerpt":{"rendered":"<p>Chariot de transport \u00e0 marteau de d\u00e9molition extr\u00eamement l\u00e9ger avec de grandes roues en caoutchouc pour un transport facile sur<\/p>\n","protected":false},"featured_media":433421,"template":"","meta":{"_seopress_robots_primary_cat":"","_seopress_titles_title":"","_seopress_titles_desc":"","_seopress_robots_index":""},"product_brand":[3407],"product_cat":[29,514],"product_tag":[3270],"class_list":{"0":"post-464025","1":"product","2":"type-product","3":"status-publish","4":"has-post-thumbnail","6":"product_brand-milwaukee","7":"product_cat-macchinari","8":"product_cat-altri-dispositivi","9":"product_tag-import-milwau","10":"sws-gruppo-macchinari-fr","11":"sws-conto-ricavi-merci-rivendita-macchinari-fr","12":"sws-gruppo-iva-iva81-fr","14":"first","15":"instock","16":"sale","17":"purchasable","18":"product-type-simple"},"_links":{"self":[{"href":"https:\/\/lucacastelli.com\/fr\/wp-json\/wp\/v2\/product\/464025","targetHints":{"allow":["GET"]}}],"collection":[{"href":"https:\/\/lucacastelli.com\/fr\/wp-json\/wp\/v2\/product"}],"about":[{"href":"https:\/\/lucacastelli.com\/fr\/wp-json\/wp\/v2\/types\/product"}],"wp:featuredmedia":[{"embeddable":true,"href":"https:\/\/lucacastelli.com\/fr\/wp-json\/wp\/v2\/media\/433421"}],"wp:attachment":[{"href":"https:\/\/lucacastelli.com\/fr\/wp-json\/wp\/v2\/media?parent=464025"}],"wp:term":[{"taxonomy":"product_brand","embeddable":true,"href":"https:\/\/lucacastelli.com\/fr\/wp-json\/wp\/v2\/product_brand?post=464025"},{"taxonomy":"product_cat","embeddable":true,"href":"https:\/\/lucacastelli.com\/fr\/wp-json\/wp\/v2\/product_cat?post=464025"},{"taxonomy":"product_tag","embeddable":true,"href":"https:\/\/lucacastelli.com\/fr\/wp-json\/wp\/v2\/product_tag?post=464025"}],"curies":[{"name":"wp","href":"https:\/\/api.w.org\/{rel}","templated":true}]}}