{"id":464018,"date":"2025-06-01T06:36:29","date_gmt":"2025-06-01T04:36:29","guid":{"rendered":"https:\/\/lucacastelli.com\/prodotto\/tete-vibrante-a-beton-4\/"},"modified":"2025-06-29T08:05:29","modified_gmt":"2025-06-29T06:05:29","slug":"tete-vibrante-a-beton-4","status":"publish","type":"product","link":"https:\/\/lucacastelli.com\/fr\/produit\/tete-vibrante-a-beton-4\/","title":{"rendered":"MILWAUKEE T\u00eate de Vibrateur B\u00e9ton"},"content":{"rendered":"<p>T\u00eate de 25 mm pour vibrateur<\/p>\n<p> \u00e0 b\u00e9ton BARCODE&nbsp;: 4058546376338<\/p>\n<p>Caract\u00e9ristiques techniques<\/p>\n","protected":false},"excerpt":{"rendered":"<p>T\u00eate de 25 mm pour vibrateur \u00e0 b\u00e9ton BARCODE&nbsp;: 4058546376338 Caract\u00e9ristiques techniques<\/p>\n","protected":false},"featured_media":433307,"template":"","meta":{"_seopress_robots_primary_cat":"","_seopress_titles_title":"","_seopress_titles_desc":"","_seopress_robots_index":""},"product_brand":[3407],"product_cat":[29,514,560],"product_tag":[3270],"class_list":{"0":"post-464018","1":"product","2":"type-product","3":"status-publish","4":"has-post-thumbnail","6":"product_brand-milwaukee","7":"product_cat-macchinari","8":"product_cat-altri-dispositivi","9":"product_cat-vibratore-per-calcestruzzo","10":"product_tag-import-milwau","11":"sws-gruppo-macchinari-fr","12":"sws-conto-ricavi-merci-rivendita-macchinari-fr","13":"sws-gruppo-iva-iva81-fr","15":"first","16":"instock","17":"sale","18":"purchasable","19":"product-type-simple"},"_links":{"self":[{"href":"https:\/\/lucacastelli.com\/fr\/wp-json\/wp\/v2\/product\/464018","targetHints":{"allow":["GET"]}}],"collection":[{"href":"https:\/\/lucacastelli.com\/fr\/wp-json\/wp\/v2\/product"}],"about":[{"href":"https:\/\/lucacastelli.com\/fr\/wp-json\/wp\/v2\/types\/product"}],"wp:featuredmedia":[{"embeddable":true,"href":"https:\/\/lucacastelli.com\/fr\/wp-json\/wp\/v2\/media\/433307"}],"wp:attachment":[{"href":"https:\/\/lucacastelli.com\/fr\/wp-json\/wp\/v2\/media?parent=464018"}],"wp:term":[{"taxonomy":"product_brand","embeddable":true,"href":"https:\/\/lucacastelli.com\/fr\/wp-json\/wp\/v2\/product_brand?post=464018"},{"taxonomy":"product_cat","embeddable":true,"href":"https:\/\/lucacastelli.com\/fr\/wp-json\/wp\/v2\/product_cat?post=464018"},{"taxonomy":"product_tag","embeddable":true,"href":"https:\/\/lucacastelli.com\/fr\/wp-json\/wp\/v2\/product_tag?post=464018"}],"curies":[{"name":"wp","href":"https:\/\/api.w.org\/{rel}","templated":true}]}}