{"id":464015,"date":"2025-06-01T06:36:03","date_gmt":"2025-06-01T04:36:03","guid":{"rendered":"https:\/\/lucacastelli.com\/prodotto\/chape-vibrante-barres-de-chape-6\/"},"modified":"2025-07-19T17:35:09","modified_gmt":"2025-07-19T15:35:09","slug":"chape-vibrante-barres-de-chape-6","status":"publish","type":"product","link":"https:\/\/lucacastelli.com\/fr\/produit\/chape-vibrante-barres-de-chape-6\/","title":{"rendered":"MILWAUKEE Chape vibrante Chape"},"content":{"rendered":"<p>Nos chapes sont dot\u00e9es d\u2019un double triangle extr\u00eamement rigide qui assure une transmission constante des vibrations sur toute la longueur de la barre&lt;Br&gt;  Cerfs l\u00e9gers en magn\u00e9sium pour r\u00e9duire le poids de l\u2019outil&lt;Br&gt;  Conception de l\u2019\u00e9tau sans trous sur la barre pour permettre une fixation rapide et facile de la chape sur l\u2019outil&lt;Br&gt;  Tailles disponibles de 1,22 m \u00e0 4,87 m&lt;Br&gt;  Compatible avec la chape vibrante MX FUEL\u2122<\/p>\n<p>CODE BARRE : 4058546375706<\/p>\n<p>Caract\u00e9ristiques techniques<br \/>\n3.6<\/p>\n","protected":false},"excerpt":{"rendered":"<p>Nos chapes sont dot\u00e9es d\u2019un double triangle extr\u00eamement rigide qui assure une transmission constante des vibrations sur toute la longueur<\/p>\n","protected":false},"featured_media":432982,"template":"","meta":{"_seopress_robots_primary_cat":"","_seopress_titles_title":"","_seopress_titles_desc":"","_seopress_robots_index":""},"product_brand":[3407],"product_cat":[29,514,560],"product_tag":[3270],"class_list":{"0":"post-464015","1":"product","2":"type-product","3":"status-publish","4":"has-post-thumbnail","6":"product_brand-milwaukee","7":"product_cat-macchinari","8":"product_cat-altri-dispositivi","9":"product_cat-vibratore-per-calcestruzzo","10":"product_tag-import-milwau","11":"sws-gruppo-macchinari-fr","12":"sws-conto-ricavi-merci-rivendita-macchinari-fr","13":"sws-gruppo-iva-iva81-fr","15":"first","16":"instock","17":"purchasable","18":"product-type-simple"},"_links":{"self":[{"href":"https:\/\/lucacastelli.com\/fr\/wp-json\/wp\/v2\/product\/464015","targetHints":{"allow":["GET"]}}],"collection":[{"href":"https:\/\/lucacastelli.com\/fr\/wp-json\/wp\/v2\/product"}],"about":[{"href":"https:\/\/lucacastelli.com\/fr\/wp-json\/wp\/v2\/types\/product"}],"wp:featuredmedia":[{"embeddable":true,"href":"https:\/\/lucacastelli.com\/fr\/wp-json\/wp\/v2\/media\/432982"}],"wp:attachment":[{"href":"https:\/\/lucacastelli.com\/fr\/wp-json\/wp\/v2\/media?parent=464015"}],"wp:term":[{"taxonomy":"product_brand","embeddable":true,"href":"https:\/\/lucacastelli.com\/fr\/wp-json\/wp\/v2\/product_brand?post=464015"},{"taxonomy":"product_cat","embeddable":true,"href":"https:\/\/lucacastelli.com\/fr\/wp-json\/wp\/v2\/product_cat?post=464015"},{"taxonomy":"product_tag","embeddable":true,"href":"https:\/\/lucacastelli.com\/fr\/wp-json\/wp\/v2\/product_tag?post=464015"}],"curies":[{"name":"wp","href":"https:\/\/api.w.org\/{rel}","templated":true}]}}