{"id":464012,"date":"2025-06-01T06:36:19","date_gmt":"2025-06-01T04:36:19","guid":{"rendered":"https:\/\/lucacastelli.com\/prodotto\/vibreur-a-beton-8\/"},"modified":"2025-06-29T08:05:23","modified_gmt":"2025-06-29T06:05:23","slug":"vibreur-a-beton-8","status":"publish","type":"product","link":"https:\/\/lucacastelli.com\/fr\/produit\/vibreur-a-beton-8\/","title":{"rendered":"MILWAUKEE Vibrateur \u00e0 b\u00e9ton"},"content":{"rendered":"<p>Le vibrateur \u00e0 b\u00e9ton dorsal MX FUEL\u2122 est la solution id\u00e9ale pour travailler sur de grandes surfaces : il offre les performances d\u2019un outil filaire, sans l\u2019encombrement des c\u00e2bles et sans avoir besoin d\u2019une prise de courant sur le lieu de travail&lt;br&gt; Avec une aiguille vibrante jusqu\u2019\u00e0 63 mm de diam\u00e8tre, il g\u00e9n\u00e8re plus de 11 200 vibrations par minute pour une consolidation optimale,  M\u00eame dans le b\u00e9ton le plus&lt;rigide BR&gt; Le bouton d\u2019alimentation g\u00e9n\u00e8re une puissance instantan\u00e9e &#8211; le d\u00e9marrage lent \u00e0 recul appartient au pass\u00e9. Cela garantit une productivit\u00e9 maximale, combin\u00e9e \u00e0 la port\u00e9e et \u00e0 la puissance dont vous avez besoin &lt;Br&gt;  La conception modulaire permet de retirer le harnais du sac \u00e0 dos pour une utilisation plus facile pour les murs et les colonnes&lt;Br&gt;  Conception modulaire : du sac \u00e0 dos \u00e0 la mallette en un seul clic&lt;Br&gt;  Compatible avec des tuyaux jusqu\u2019\u00e0 6,4 m\u00e8tres de long et des t\u00eates jusqu\u2019\u00e0 63 mm de diam\u00e8tre&lt;Br&gt;  Consolidez jusqu\u2019\u00e0 80 m\u00b3 de b\u00e9ton avec 2 batteries MXF XC406 (6,0 Ah)&lt;Br&gt;  La t\u00e9l\u00e9commande permet d\u2019utiliser l\u2019outil jusqu\u2019\u00e0 9 m\u00e8tres de distance, pour un maximum de libert\u00e9 et de facilit\u00e9 lors de l\u2019utilisation de longues aiguilles vibrantes&lt;Br&gt;  Accessoires syst\u00e8me, t\u00eates et tuyaux disponibles s\u00e9par\u00e9ment (t\u00eate de 38 mm et tuyau de 2 m inclus dans la version kit)&lt;Br&gt;  Le syst\u00e8me MX FUEL\u2122 vous permet d\u2019atteindre de nouveaux horizons sur batterie : performances des solutions essence, fil ou pneumatiques, \u00e9liminant les dangers li\u00e9s aux \u00e9missions, au bruit, aux vibrations, aux tr\u00e9buchements et aux maintenances complexes&lt;Br&gt;  Le syst\u00e8me de suivi et de s\u00e9curit\u00e9 ONE-KEY\u2122 offre un service gratuit de suivi et de gestion des stocks bas\u00e9 sur le cloud, tout en disposant de capacit\u00e9s de verrouillage \u00e0 distance et de personnalisation des performances des outils&lt;Br&gt;  \u00c9quip\u00e9 d\u2019une t\u00e9l\u00e9commande pour le contr\u00f4le \u00e0 distance<\/p>\n<p>CODE BARRE : 4058546373894<\/p>\n<p>Caract\u00e9ristiques techniques Oui<\/p>\n<p>Livr\u00e9 sans piles, livr\u00e9 sans chargeur, livr\u00e9 sans kitbox ni sac, t\u00e9l\u00e9commande pour t\u00e9l\u00e9commande<\/p>\n","protected":false},"excerpt":{"rendered":"<p>Le vibrateur \u00e0 b\u00e9ton dorsal MX FUEL\u2122 est la solution id\u00e9ale pour travailler sur de grandes surfaces : il offre<\/p>\n","protected":false},"featured_media":433101,"template":"","meta":{"_seopress_robots_primary_cat":"","_seopress_titles_title":"","_seopress_titles_desc":"","_seopress_robots_index":""},"product_brand":[3658],"product_cat":[1453,167,1564],"product_tag":[3273],"class_list":{"0":"post-464012","1":"product","2":"type-product","3":"status-publish","4":"has-post-thumbnail","6":"product_brand-milwaukee-fr","7":"product_cat-autres-appareils","8":"product_cat-machines","9":"product_cat-vibrateurs-a-beton","10":"product_tag-import-milwau-fr","11":"sws-gruppo-macchinari-fr","12":"sws-conto-ricavi-merci-rivendita-macchinari-fr","13":"sws-gruppo-iva-iva81-fr","15":"first","16":"instock","17":"sale","18":"purchasable","19":"product-type-simple"},"_links":{"self":[{"href":"https:\/\/lucacastelli.com\/fr\/wp-json\/wp\/v2\/product\/464012","targetHints":{"allow":["GET"]}}],"collection":[{"href":"https:\/\/lucacastelli.com\/fr\/wp-json\/wp\/v2\/product"}],"about":[{"href":"https:\/\/lucacastelli.com\/fr\/wp-json\/wp\/v2\/types\/product"}],"wp:featuredmedia":[{"embeddable":true,"href":"https:\/\/lucacastelli.com\/fr\/wp-json\/wp\/v2\/media\/433101"}],"wp:attachment":[{"href":"https:\/\/lucacastelli.com\/fr\/wp-json\/wp\/v2\/media?parent=464012"}],"wp:term":[{"taxonomy":"product_brand","embeddable":true,"href":"https:\/\/lucacastelli.com\/fr\/wp-json\/wp\/v2\/product_brand?post=464012"},{"taxonomy":"product_cat","embeddable":true,"href":"https:\/\/lucacastelli.com\/fr\/wp-json\/wp\/v2\/product_cat?post=464012"},{"taxonomy":"product_tag","embeddable":true,"href":"https:\/\/lucacastelli.com\/fr\/wp-json\/wp\/v2\/product_tag?post=464012"}],"curies":[{"name":"wp","href":"https:\/\/api.w.org\/{rel}","templated":true}]}}