{"id":464009,"date":"2025-06-01T06:35:56","date_gmt":"2025-06-01T04:35:56","guid":{"rendered":"https:\/\/lucacastelli.com\/prodotto\/chape-vibrante-3\/"},"modified":"2025-07-19T17:35:04","modified_gmt":"2025-07-19T15:35:04","slug":"chape-vibrante-3","status":"publish","type":"product","link":"https:\/\/lucacastelli.com\/fr\/produit\/chape-vibrante-3\/","title":{"rendered":"Chape vibrante MILWAUKEE"},"content":{"rendered":"<p>La chape vibrante MX FUEL\u2122, \u00e9galement appel\u00e9e Libellula, est la solution id\u00e9ale pour travailler sur de grandes surfaces, offrant des performances comparables \u00e0 celles des mod\u00e8les \u00e0 essence, mais \u00e9liminant les \u00e9missions et les risques associ\u00e9s&lt;Br&gt;  Compatible avec les chapes Milwaukee jusqu\u2019\u00e0 4,87 m\u00e8tres, interchangeables&lt;Br&gt;  Le bouton d\u2019alimentation fournit une puissance instantan\u00e9e, \u00e9liminant la lenteur de l\u2019allumage en rafale et r\u00e9duisant les temps d\u2019arr\u00eat, ce qui vous permet de terminer le travail plus rapidement, sans compromettre la puissance ou l\u2019autonomie&lt;Br&gt;  Moteur brushless POWERSTATE\u00ae capable de d\u00e9livrer jusqu\u2019\u00e0 9 000 vibrations par minute (avec chape de 4,87 m\u00e8tres) r\u00e9glable par potentiom\u00e8tre, pour un contr\u00f4le maximal dans le b\u00e9ton&lt;Br&gt;  Poign\u00e9es pliables pour un transport facile sur le chantier&lt;Br&gt;  Connexion rapide entre l\u2019outil et la table gr\u00e2ce \u00e0 deux boulons&lt;Br&gt;  Jusqu\u2019\u00e0 deux heures d\u2019autonomie avec 1 pile CP203 de 3,0 Ah (avec table de 3,65 m)&lt;Br&gt;  Barres disponibles s\u00e9par\u00e9ment (1,22, 1,83, 2,44, 3, 3,65, 4,25, 4,87 m\u00e8tres). Chape de 3 m disponible en kit MXF PSCKIT-302 &lt;Br&gt;  Le syst\u00e8me MX FUEL\u2122 vous permet d\u2019atteindre de nouveaux horizons sur batterie : performances des solutions essence, fil ou pneumatiques, \u00e9liminant les dangers li\u00e9s aux \u00e9missions, au bruit, aux vibrations, aux tr\u00e9buchements et aux maintenances complexes&lt;Br&gt;  Le syst\u00e8me de suivi et de s\u00e9curit\u00e9 ONE-KEY\u2122 offre un service de suivi et de gestion des stocks bas\u00e9 sur le cloud gratuitement, tout en ayant des capacit\u00e9s de blocage \u00e0 distance&lt;Br&gt;  Livr\u00e9 avec cl\u00e9 de douane 9\/16<\/p>\n<p>CODE BARRE : 4058546375652<\/p>\n<p>Caract\u00e9ristiques techniques<br \/>\nLivr\u00e9 sans kitbox ni sac<\/p>\n<p>Livr\u00e9 sans piles, livr\u00e9 sans chargeur, livr\u00e9 sans kitbox ni sac, cl\u00e9 9\/16customs<\/p>\n","protected":false},"excerpt":{"rendered":"<p>La chape vibrante MX FUEL\u2122, \u00e9galement appel\u00e9e Libellula, est la solution id\u00e9ale pour travailler sur de grandes surfaces, offrant des<\/p>\n","protected":false},"featured_media":432871,"template":"","meta":{"_seopress_robots_primary_cat":"","_seopress_titles_title":"","_seopress_titles_desc":"","_seopress_robots_index":""},"product_brand":[3407],"product_cat":[29,514,560],"product_tag":[3270],"class_list":{"0":"post-464009","1":"product","2":"type-product","3":"status-publish","4":"has-post-thumbnail","6":"product_brand-milwaukee","7":"product_cat-macchinari","8":"product_cat-altri-dispositivi","9":"product_cat-vibratore-per-calcestruzzo","10":"product_tag-import-milwau","11":"sws-gruppo-macchinari-fr","12":"sws-conto-ricavi-merci-rivendita-macchinari-fr","13":"sws-gruppo-iva-iva81-fr","15":"first","16":"instock","17":"purchasable","18":"product-type-simple"},"_links":{"self":[{"href":"https:\/\/lucacastelli.com\/fr\/wp-json\/wp\/v2\/product\/464009","targetHints":{"allow":["GET"]}}],"collection":[{"href":"https:\/\/lucacastelli.com\/fr\/wp-json\/wp\/v2\/product"}],"about":[{"href":"https:\/\/lucacastelli.com\/fr\/wp-json\/wp\/v2\/types\/product"}],"wp:featuredmedia":[{"embeddable":true,"href":"https:\/\/lucacastelli.com\/fr\/wp-json\/wp\/v2\/media\/432871"}],"wp:attachment":[{"href":"https:\/\/lucacastelli.com\/fr\/wp-json\/wp\/v2\/media?parent=464009"}],"wp:term":[{"taxonomy":"product_brand","embeddable":true,"href":"https:\/\/lucacastelli.com\/fr\/wp-json\/wp\/v2\/product_brand?post=464009"},{"taxonomy":"product_cat","embeddable":true,"href":"https:\/\/lucacastelli.com\/fr\/wp-json\/wp\/v2\/product_cat?post=464009"},{"taxonomy":"product_tag","embeddable":true,"href":"https:\/\/lucacastelli.com\/fr\/wp-json\/wp\/v2\/product_tag?post=464009"}],"curies":[{"name":"wp","href":"https:\/\/api.w.org\/{rel}","templated":true}]}}