{"id":464007,"date":"2025-06-01T04:10:55","date_gmt":"2025-06-01T02:10:55","guid":{"rendered":"https:\/\/lucacastelli.com\/prodotto\/ms-194-c-e-longueur-de-coupe-30cm-carv-rms\/"},"modified":"2025-06-28T03:58:20","modified_gmt":"2025-06-28T01:58:20","slug":"ms-194-c-e-longueur-de-coupe-30cm-carv-rms","status":"publish","type":"product","link":"https:\/\/lucacastelli.com\/fr\/produit\/ms-194-c-e-longueur-de-coupe-30cm-carv-rms\/","title":{"rendered":"STIHL MS 194 C-E, longueur de coupe 30cm, Carv. RMS"},"content":{"rendered":"<p>Tron\u00e7onneuse \u00e0 d\u00e9couper pratique. STIHL ErgoStart et la pompe \u00e0 carburant permettent un d\u00e9marrage facile et facile. \u00c9quip\u00e9 STIHL cha\u00eene 1\/4&#8243; RMS pour un travail pr\u00e9cis et s\u00e9curitaire. Performances de coupe sup\u00e9rieures gr\u00e2ce au moteur STIHL 2-MIX.<br \/>\n886661935383   <\/p>\n<p>Cylindr\u00e9e 31.8<br \/>\nPuissance Puissance<\/p>\n<p>Puissance Puissance Puissance<br \/>\n1,90<br \/>\nCO2 803<\/p>\n","protected":false},"excerpt":{"rendered":"<p>MS 194 C-E, longueur de coupe 30cm, Carv. RMS <\/p>\n","protected":false},"featured_media":440842,"template":"","meta":{"_seopress_robots_primary_cat":"","_seopress_titles_title":"","_seopress_titles_desc":"","_seopress_robots_index":""},"product_brand":[3366],"product_cat":[29,494],"product_tag":[3265],"class_list":{"0":"post-464007","1":"product","2":"type-product","3":"status-publish","4":"has-post-thumbnail","6":"product_brand-stihl","7":"product_cat-macchinari","8":"product_cat-motoseghe-a-motore","9":"product_tag-import-stihl","10":"sws-gruppo-macchinari-fr","11":"sws-conto-ricavi-merci-rivendita-macchinari-fr","12":"sws-gruppo-iva-iva81-fr","14":"first","15":"onbackorder","16":"purchasable","17":"product-type-simple"},"_links":{"self":[{"href":"https:\/\/lucacastelli.com\/fr\/wp-json\/wp\/v2\/product\/464007","targetHints":{"allow":["GET"]}}],"collection":[{"href":"https:\/\/lucacastelli.com\/fr\/wp-json\/wp\/v2\/product"}],"about":[{"href":"https:\/\/lucacastelli.com\/fr\/wp-json\/wp\/v2\/types\/product"}],"wp:featuredmedia":[{"embeddable":true,"href":"https:\/\/lucacastelli.com\/fr\/wp-json\/wp\/v2\/media\/440842"}],"wp:attachment":[{"href":"https:\/\/lucacastelli.com\/fr\/wp-json\/wp\/v2\/media?parent=464007"}],"wp:term":[{"taxonomy":"product_brand","embeddable":true,"href":"https:\/\/lucacastelli.com\/fr\/wp-json\/wp\/v2\/product_brand?post=464007"},{"taxonomy":"product_cat","embeddable":true,"href":"https:\/\/lucacastelli.com\/fr\/wp-json\/wp\/v2\/product_cat?post=464007"},{"taxonomy":"product_tag","embeddable":true,"href":"https:\/\/lucacastelli.com\/fr\/wp-json\/wp\/v2\/product_tag?post=464007"}],"curies":[{"name":"wp","href":"https:\/\/api.w.org\/{rel}","templated":true}]}}