{"id":464004,"date":"2025-06-01T04:11:19","date_gmt":"2025-06-01T02:11:19","guid":{"rendered":"https:\/\/lucacastelli.com\/prodotto\/ms-271-longueur-de-coupe-de-40-cm-rm3-pro\/"},"modified":"2026-04-15T11:22:03","modified_gmt":"2026-04-15T09:22:03","slug":"ms-271-longueur-de-coupe-de-40-cm-rm3-pro","status":"publish","type":"product","link":"https:\/\/lucacastelli.com\/fr\/produit\/ms-271-longueur-de-coupe-de-40-cm-rm3-pro\/","title":{"rendered":"STIHL MS 271, longueur de coupe 40 cm, RM3 Pro"},"content":{"rendered":"<p>Pour la coupe de bois de chauffage. Le filtre \u00e0 air longue dur\u00e9e<br \/>\npermet d\u2019espacer les nettoyages ; bouchons de r\u00e9servoir sans outil pour un remplissage facile et s\u00fbr, entretien facilit\u00e9 gr\u00e2ce au capot moteur d\u2019une seule pi\u00e8ce. Avec guide-cha\u00eene Light 04 au design innovant et nouvelle cha\u00eene Pro RM3 de .325&#8243; pour des performances de coupe sup\u00e9rieures.<br \/>\n886661413256<\/p>\n<p>Cylindr\u00e9e 50.2<br \/>\nPuissance Puissance<\/p>\n<p>Puissance Puissance Puissance<br \/>\n3,50<br \/>\nCO2 717<\/p>\n","protected":false},"excerpt":{"rendered":"<p>MS 271, longueur de coupe 40 cm, RM3 Pro<\/p>\n","protected":false},"featured_media":428970,"template":"","meta":{"_seopress_robots_primary_cat":"none","_seopress_titles_title":"","_seopress_titles_desc":"","_seopress_robots_index":""},"product_brand":[3366],"product_cat":[29,268,494],"product_tag":[3265],"class_list":{"0":"post-464004","1":"product","2":"type-product","3":"status-publish","4":"has-post-thumbnail","6":"product_brand-stihl","7":"product_cat-macchinari","8":"product_cat-motoseghe","9":"product_cat-motoseghe-a-motore","10":"product_tag-import-stihl","11":"sws-gruppo-macchinari-fr","12":"sws-conto-ricavi-merci-rivendita-macchinari-fr","13":"sws-gruppo-iva-iva81-fr","15":"first","16":"onbackorder","17":"purchasable","18":"product-type-simple"},"_links":{"self":[{"href":"https:\/\/lucacastelli.com\/fr\/wp-json\/wp\/v2\/product\/464004","targetHints":{"allow":["GET"]}}],"collection":[{"href":"https:\/\/lucacastelli.com\/fr\/wp-json\/wp\/v2\/product"}],"about":[{"href":"https:\/\/lucacastelli.com\/fr\/wp-json\/wp\/v2\/types\/product"}],"wp:featuredmedia":[{"embeddable":true,"href":"https:\/\/lucacastelli.com\/fr\/wp-json\/wp\/v2\/media\/428970"}],"wp:attachment":[{"href":"https:\/\/lucacastelli.com\/fr\/wp-json\/wp\/v2\/media?parent=464004"}],"wp:term":[{"taxonomy":"product_brand","embeddable":true,"href":"https:\/\/lucacastelli.com\/fr\/wp-json\/wp\/v2\/product_brand?post=464004"},{"taxonomy":"product_cat","embeddable":true,"href":"https:\/\/lucacastelli.com\/fr\/wp-json\/wp\/v2\/product_cat?post=464004"},{"taxonomy":"product_tag","embeddable":true,"href":"https:\/\/lucacastelli.com\/fr\/wp-json\/wp\/v2\/product_tag?post=464004"}],"curies":[{"name":"wp","href":"https:\/\/api.w.org\/{rel}","templated":true}]}}