{"id":464001,"date":"2025-06-01T04:10:38","date_gmt":"2025-06-01T02:10:38","guid":{"rendered":"https:\/\/lucacastelli.com\/prodotto\/ms-194-c-e-longueur-de-coupe-30cm-pm3\/"},"modified":"2025-06-28T03:58:23","modified_gmt":"2025-06-28T01:58:23","slug":"ms-194-c-e-longueur-de-coupe-30cm-pm3","status":"publish","type":"product","link":"https:\/\/lucacastelli.com\/fr\/produit\/ms-194-c-e-longueur-de-coupe-30cm-pm3\/","title":{"rendered":"STIHL MS 194 C-E, longueur de coupe 30cm, PM3"},"content":{"rendered":"<p>STIHL des arbres et l\u2019\u00e9claircie des for\u00eats ainsi que pour la coupe du bois de chauffage. STIHL ErgoStart et la pompe \u00e0 carburant permettent un d\u00e9marrage facile et facile. Avec cha\u00eene 3\/8&#8243; PM3. Performances de coupe sup\u00e9rieures avec une consommation de carburant r\u00e9duite gr\u00e2ce au moteur 2-Mix.<br \/>\n886661935369   <\/p>\n<p>Cylindr\u00e9e 31.8<br \/>\nPuissance Puissance<\/p>\n<p>Puissance Puissance Puissance<br \/>\n1,90<br \/>\nCO2 803<\/p>\n","protected":false},"excerpt":{"rendered":"<p>MS 194 C-E, longueur de coupe 30cm, PM3<\/p>\n","protected":false},"featured_media":440829,"template":"","meta":{"_seopress_robots_primary_cat":"","_seopress_titles_title":"","_seopress_titles_desc":"","_seopress_robots_index":""},"product_brand":[3366],"product_cat":[29,494],"product_tag":[3265],"class_list":{"0":"post-464001","1":"product","2":"type-product","3":"status-publish","4":"has-post-thumbnail","6":"product_brand-stihl","7":"product_cat-macchinari","8":"product_cat-motoseghe-a-motore","9":"product_tag-import-stihl","10":"sws-gruppo-macchinari-fr","11":"sws-conto-ricavi-merci-rivendita-macchinari-fr","12":"sws-gruppo-iva-iva81-fr","14":"first","15":"onbackorder","16":"purchasable","17":"product-type-simple"},"_links":{"self":[{"href":"https:\/\/lucacastelli.com\/fr\/wp-json\/wp\/v2\/product\/464001","targetHints":{"allow":["GET"]}}],"collection":[{"href":"https:\/\/lucacastelli.com\/fr\/wp-json\/wp\/v2\/product"}],"about":[{"href":"https:\/\/lucacastelli.com\/fr\/wp-json\/wp\/v2\/types\/product"}],"wp:featuredmedia":[{"embeddable":true,"href":"https:\/\/lucacastelli.com\/fr\/wp-json\/wp\/v2\/media\/440829"}],"wp:attachment":[{"href":"https:\/\/lucacastelli.com\/fr\/wp-json\/wp\/v2\/media?parent=464001"}],"wp:term":[{"taxonomy":"product_brand","embeddable":true,"href":"https:\/\/lucacastelli.com\/fr\/wp-json\/wp\/v2\/product_brand?post=464001"},{"taxonomy":"product_cat","embeddable":true,"href":"https:\/\/lucacastelli.com\/fr\/wp-json\/wp\/v2\/product_cat?post=464001"},{"taxonomy":"product_tag","embeddable":true,"href":"https:\/\/lucacastelli.com\/fr\/wp-json\/wp\/v2\/product_tag?post=464001"}],"curies":[{"name":"wp","href":"https:\/\/api.w.org\/{rel}","templated":true}]}}