{"id":463994,"date":"2025-06-01T04:10:13","date_gmt":"2025-06-01T02:10:13","guid":{"rendered":"https:\/\/lucacastelli.com\/prodotto\/ms-194-t-longueur-de-coupe-30cm-pmm3\/"},"modified":"2026-01-23T09:00:30","modified_gmt":"2026-01-23T08:00:30","slug":"ms-194-t-longueur-de-coupe-30cm-pmm3","status":"publish","type":"product","link":"https:\/\/lucacastelli.com\/fr\/produit\/ms-194-t-longueur-de-coupe-30cm-pmm3\/","title":{"rendered":"STIHL MS 194 T, longueur de coupe 30cm, PMM3"},"content":{"rendered":"<p>La tron\u00e7onneuse universelle STIHL arbres&nbsp;; Le puissant moteur 2-MIX est conforme aux normes Euro 5. pstrongAvertissement : \/strongIl est sp\u00e9cialement con\u00e7u pour l\u2019entretien des arbres et doit donc \u00eatre utilis\u00e9 par des op\u00e9rateurs form\u00e9s \u00e0 l\u2019utilisation correcte !\/p<br \/>\n886661935239<\/p>\n<p>D\u00e9placement 31.8<br \/>\nPuissance Puissance Puissance<\/p>\n<p>Puissance Puissance<br \/>\n1.90<br \/>\nCO2 803<\/p>\n","protected":false},"excerpt":{"rendered":"<p>MS 194 T, longueur de coupe 30cm, PMM3<\/p>\n","protected":false},"featured_media":440814,"template":"","meta":{"_seopress_robots_primary_cat":"","_seopress_titles_title":"","_seopress_titles_desc":"","_seopress_robots_index":""},"product_brand":[3366],"product_cat":[29,494],"product_tag":[3265],"class_list":{"0":"post-463994","1":"product","2":"type-product","3":"status-publish","4":"has-post-thumbnail","6":"product_brand-stihl","7":"product_cat-macchinari","8":"product_cat-motoseghe-a-motore","9":"product_tag-import-stihl","10":"sws-gruppo-macchinari-fr","11":"sws-conto-ricavi-merci-rivendita-macchinari-fr","12":"sws-gruppo-iva-iva81-fr","14":"first","15":"onbackorder","16":"purchasable","17":"product-type-simple"},"_links":{"self":[{"href":"https:\/\/lucacastelli.com\/fr\/wp-json\/wp\/v2\/product\/463994","targetHints":{"allow":["GET"]}}],"collection":[{"href":"https:\/\/lucacastelli.com\/fr\/wp-json\/wp\/v2\/product"}],"about":[{"href":"https:\/\/lucacastelli.com\/fr\/wp-json\/wp\/v2\/types\/product"}],"wp:featuredmedia":[{"embeddable":true,"href":"https:\/\/lucacastelli.com\/fr\/wp-json\/wp\/v2\/media\/440814"}],"wp:attachment":[{"href":"https:\/\/lucacastelli.com\/fr\/wp-json\/wp\/v2\/media?parent=463994"}],"wp:term":[{"taxonomy":"product_brand","embeddable":true,"href":"https:\/\/lucacastelli.com\/fr\/wp-json\/wp\/v2\/product_brand?post=463994"},{"taxonomy":"product_cat","embeddable":true,"href":"https:\/\/lucacastelli.com\/fr\/wp-json\/wp\/v2\/product_cat?post=463994"},{"taxonomy":"product_tag","embeddable":true,"href":"https:\/\/lucacastelli.com\/fr\/wp-json\/wp\/v2\/product_tag?post=463994"}],"curies":[{"name":"wp","href":"https:\/\/api.w.org\/{rel}","templated":true}]}}