{"id":463989,"date":"2025-06-01T04:10:25","date_gmt":"2025-06-01T02:10:25","guid":{"rendered":"https:\/\/lucacastelli.com\/prodotto\/ms-194-t-longueur-de-coupe-30cm-lumiere-pmm3\/"},"modified":"2026-04-16T04:36:31","modified_gmt":"2026-04-16T02:36:31","slug":"ms-194-t-longueur-de-coupe-30cm-lumiere-pmm3","status":"publish","type":"product","link":"https:\/\/lucacastelli.com\/fr\/produit\/ms-194-t-longueur-de-coupe-30cm-lumiere-pmm3\/","title":{"rendered":"STIHL MS 194 T, longueur de coupe 30cm, Lumi\u00e8re PMM3"},"content":{"rendered":"<p>La tron\u00e7onneuse universelle STIHL arbres&nbsp;; Le puissant moteur 2-MIX est conforme aux normes Euro 5. pstrongAvertissement&nbsp;: \/strongIl est sp\u00e9cialement con\u00e7u pour l\u2019entretien des arbres et doit donc \u00eatre utilis\u00e9 par des op\u00e9rateurs form\u00e9s \u00e0 une utilisation correcte !\/p<br \/>\n886661935260<\/p>\n<p>Cylindr\u00e9e 31.8<br \/>\nPuissance Puissance Puissance<\/p>\n<p>Puissance<br \/>\nPuissance 1.90<br \/>\nCO2 803<\/p>\n","protected":false},"excerpt":{"rendered":"<p>MS 194 T, longueur de coupe 30cm, Lumi\u00e8re PMM3<\/p>\n","protected":false},"featured_media":440819,"template":"","meta":{"_seopress_robots_primary_cat":"","_seopress_titles_title":"","_seopress_titles_desc":"","_seopress_robots_index":""},"product_brand":[3555],"product_cat":[167,1608],"product_tag":[3267],"class_list":{"0":"post-463989","1":"product","2":"type-product","3":"status-publish","4":"has-post-thumbnail","6":"product_brand-stihl-fr","7":"product_cat-machines","8":"product_cat-tronconneuses-a-moteur","9":"product_tag-import-stihl-fr","10":"sws-gruppo-macchinari-fr","11":"sws-conto-ricavi-merci-rivendita-macchinari-fr","12":"sws-gruppo-iva-iva81-fr","14":"first","15":"onbackorder","16":"purchasable","17":"product-type-simple"},"_links":{"self":[{"href":"https:\/\/lucacastelli.com\/fr\/wp-json\/wp\/v2\/product\/463989","targetHints":{"allow":["GET"]}}],"collection":[{"href":"https:\/\/lucacastelli.com\/fr\/wp-json\/wp\/v2\/product"}],"about":[{"href":"https:\/\/lucacastelli.com\/fr\/wp-json\/wp\/v2\/types\/product"}],"wp:featuredmedia":[{"embeddable":true,"href":"https:\/\/lucacastelli.com\/fr\/wp-json\/wp\/v2\/media\/440819"}],"wp:attachment":[{"href":"https:\/\/lucacastelli.com\/fr\/wp-json\/wp\/v2\/media?parent=463989"}],"wp:term":[{"taxonomy":"product_brand","embeddable":true,"href":"https:\/\/lucacastelli.com\/fr\/wp-json\/wp\/v2\/product_brand?post=463989"},{"taxonomy":"product_cat","embeddable":true,"href":"https:\/\/lucacastelli.com\/fr\/wp-json\/wp\/v2\/product_cat?post=463989"},{"taxonomy":"product_tag","embeddable":true,"href":"https:\/\/lucacastelli.com\/fr\/wp-json\/wp\/v2\/product_tag?post=463989"}],"curies":[{"name":"wp","href":"https:\/\/api.w.org\/{rel}","templated":true}]}}