{"id":463988,"date":"2025-06-01T04:09:51","date_gmt":"2025-06-01T02:09:51","guid":{"rendered":"https:\/\/lucacastelli.com\/prodotto\/ms-881-longueur-de-coupe-de-63-cm-rs\/"},"modified":"2026-03-02T09:36:07","modified_gmt":"2026-03-02T08:36:07","slug":"ms-881-longueur-de-coupe-de-63-cm-rs","status":"publish","type":"product","link":"https:\/\/lucacastelli.com\/fr\/produit\/ms-881-longueur-de-coupe-de-63-cm-rs\/","title":{"rendered":"STIHL MS 881, longueur de coupe 63 cm, RS"},"content":{"rendered":"<p>Gr\u00e2ce \u00e0 sa puissance extr\u00eamement \u00e9lev\u00e9e, elle est id\u00e9ale pour l\u2019abattage professionnel et le fa\u00e7onnage de gros bois. Moteur 2-MIX pour des performances de coupe \u00e9lev\u00e9es et un couple important, tout en garantissant une consommation de carburant efficace.<br \/>\n886661401840 <\/p>\n<p>Cylindr\u00e9e 121,6<br \/>\nPuissance Puissance<\/p>\n<p>Puissance Puissance<br \/>\nPuissance 8,60<br \/>\nCO2 671<\/p>\n","protected":false},"excerpt":{"rendered":"<p>MS 881, longueur de coupe 63 cm, RS<\/p>\n","protected":false},"featured_media":693338,"template":"","meta":{"_seopress_robots_primary_cat":"none","_seopress_titles_title":"","_seopress_titles_desc":"","_seopress_robots_index":""},"product_brand":[3555],"product_cat":[167,1604,1608],"product_tag":[3267],"class_list":{"0":"post-463988","1":"product","2":"type-product","3":"status-publish","4":"has-post-thumbnail","6":"product_brand-stihl-fr","7":"product_cat-machines","8":"product_cat-tronconneuses","9":"product_cat-tronconneuses-a-moteur","10":"product_tag-import-stihl-fr","11":"sws-gruppo-macchinari-fr","12":"sws-conto-ricavi-merci-rivendita-macchinari-fr","13":"sws-gruppo-iva-iva81-fr","15":"first","16":"onbackorder","17":"purchasable","18":"product-type-simple"},"_links":{"self":[{"href":"https:\/\/lucacastelli.com\/fr\/wp-json\/wp\/v2\/product\/463988","targetHints":{"allow":["GET"]}}],"collection":[{"href":"https:\/\/lucacastelli.com\/fr\/wp-json\/wp\/v2\/product"}],"about":[{"href":"https:\/\/lucacastelli.com\/fr\/wp-json\/wp\/v2\/types\/product"}],"wp:featuredmedia":[{"embeddable":true,"href":"https:\/\/lucacastelli.com\/fr\/wp-json\/wp\/v2\/media\/693338"}],"wp:attachment":[{"href":"https:\/\/lucacastelli.com\/fr\/wp-json\/wp\/v2\/media?parent=463988"}],"wp:term":[{"taxonomy":"product_brand","embeddable":true,"href":"https:\/\/lucacastelli.com\/fr\/wp-json\/wp\/v2\/product_brand?post=463988"},{"taxonomy":"product_cat","embeddable":true,"href":"https:\/\/lucacastelli.com\/fr\/wp-json\/wp\/v2\/product_cat?post=463988"},{"taxonomy":"product_tag","embeddable":true,"href":"https:\/\/lucacastelli.com\/fr\/wp-json\/wp\/v2\/product_tag?post=463988"}],"curies":[{"name":"wp","href":"https:\/\/api.w.org\/{rel}","templated":true}]}}