{"id":463981,"date":"2025-06-01T04:09:49","date_gmt":"2025-06-01T02:09:49","guid":{"rendered":"https:\/\/lucacastelli.com\/prodotto\/ms-881-longueur-de-coupe-de-75-cm-rs\/"},"modified":"2026-03-02T09:36:26","modified_gmt":"2026-03-02T08:36:26","slug":"ms-881-longueur-de-coupe-de-75-cm-rs","status":"publish","type":"product","link":"https:\/\/lucacastelli.com\/fr\/produit\/ms-881-longueur-de-coupe-de-75-cm-rs\/","title":{"rendered":"STIHL MS 881, longueur de coupe 75 cm, RS"},"content":{"rendered":"<p>Gr\u00e2ce \u00e0 sa puissance extr\u00eamement \u00e9lev\u00e9e, elle est id\u00e9ale pour l&#8217;abattage professionnel et le travail d&#8217;arbres de grandes dimensions. Moteur 2-MIX pour des performances de coupe \u00e9lev\u00e9es et une forte puissance de traction tout en assurant une utilisation efficace du carburant.<br \/>\n886661401826 <\/p>\n<p>Cylindr\u00e9e 121,6<br \/>\nPuissance Puissance<\/p>\n<p>Puissance Puissance<br \/>\nPuissance 8,60<br \/>\nCO2 671<\/p>\n","protected":false},"excerpt":{"rendered":"<p>MS 881, longueur de coupe 75 cm, RS<\/p>\n","protected":false},"featured_media":693343,"template":"","meta":{"_seopress_robots_primary_cat":"none","_seopress_titles_title":"","_seopress_titles_desc":"","_seopress_robots_index":""},"product_brand":[3366],"product_cat":[29,268,494],"product_tag":[3265],"class_list":{"0":"post-463981","1":"product","2":"type-product","3":"status-publish","4":"has-post-thumbnail","6":"product_brand-stihl","7":"product_cat-macchinari","8":"product_cat-motoseghe","9":"product_cat-motoseghe-a-motore","10":"product_tag-import-stihl","11":"sws-gruppo-macchinari-fr","12":"sws-conto-ricavi-merci-rivendita-macchinari-fr","13":"sws-gruppo-iva-iva81-fr","15":"first","16":"onbackorder","17":"purchasable","18":"product-type-simple"},"_links":{"self":[{"href":"https:\/\/lucacastelli.com\/fr\/wp-json\/wp\/v2\/product\/463981","targetHints":{"allow":["GET"]}}],"collection":[{"href":"https:\/\/lucacastelli.com\/fr\/wp-json\/wp\/v2\/product"}],"about":[{"href":"https:\/\/lucacastelli.com\/fr\/wp-json\/wp\/v2\/types\/product"}],"wp:featuredmedia":[{"embeddable":true,"href":"https:\/\/lucacastelli.com\/fr\/wp-json\/wp\/v2\/media\/693343"}],"wp:attachment":[{"href":"https:\/\/lucacastelli.com\/fr\/wp-json\/wp\/v2\/media?parent=463981"}],"wp:term":[{"taxonomy":"product_brand","embeddable":true,"href":"https:\/\/lucacastelli.com\/fr\/wp-json\/wp\/v2\/product_brand?post=463981"},{"taxonomy":"product_cat","embeddable":true,"href":"https:\/\/lucacastelli.com\/fr\/wp-json\/wp\/v2\/product_cat?post=463981"},{"taxonomy":"product_tag","embeddable":true,"href":"https:\/\/lucacastelli.com\/fr\/wp-json\/wp\/v2\/product_tag?post=463981"}],"curies":[{"name":"wp","href":"https:\/\/api.w.org\/{rel}","templated":true}]}}