{"id":463980,"date":"2025-06-01T04:09:21","date_gmt":"2025-06-01T02:09:21","guid":{"rendered":"https:\/\/lucacastelli.com\/prodotto\/disques-diamantes-ciment-d-b10-400x32-mm\/"},"modified":"2025-06-28T03:57:54","modified_gmt":"2025-06-28T01:57:54","slug":"disques-diamantes-ciment-d-b10-400x32-mm","status":"publish","type":"product","link":"https:\/\/lucacastelli.com\/fr\/produit\/disques-diamantes-ciment-d-b10-400x32-mm\/","title":{"rendered":"STIHL Disques diamant\u00e9s \u00ab&nbsp;Ciment&nbsp;\u00bb D-B10, 400&#215;3,2 mm"},"content":{"rendered":"<p>Lame diamant\u00e9e pour la coupe du b\u00e9ton, des briques, du b\u00e9ton lav\u00e9 et des mat\u00e9riaux de construction en g\u00e9n\u00e9ral.<br \/>\n886661609604<\/p>\n","protected":false},"excerpt":{"rendered":"<p>Disques diamant\u00e9s \u00ab&nbsp;Ciment&nbsp;\u00bb D-B10, 400&#215;3,2 mm<\/p>\n","protected":false},"featured_media":453689,"template":"","meta":{"_seopress_robots_primary_cat":"","_seopress_titles_title":"","_seopress_titles_desc":"","_seopress_robots_index":""},"product_brand":[3366],"product_cat":[29,495,496],"product_tag":[3265],"class_list":{"0":"post-463980","1":"product","2":"type-product","3":"status-publish","4":"has-post-thumbnail","6":"product_brand-stihl","7":"product_cat-macchinari","8":"product_cat-troncatrici-e-mototroncatrici","9":"product_cat-troncatrici","10":"product_tag-import-stihl","11":"sws-gruppo-macchinari-fr","12":"sws-conto-ricavi-merci-rivendita-macchinari-fr","13":"sws-gruppo-iva-iva81-fr","15":"first","16":"onbackorder","17":"purchasable","18":"product-type-simple"},"_links":{"self":[{"href":"https:\/\/lucacastelli.com\/fr\/wp-json\/wp\/v2\/product\/463980","targetHints":{"allow":["GET"]}}],"collection":[{"href":"https:\/\/lucacastelli.com\/fr\/wp-json\/wp\/v2\/product"}],"about":[{"href":"https:\/\/lucacastelli.com\/fr\/wp-json\/wp\/v2\/types\/product"}],"wp:featuredmedia":[{"embeddable":true,"href":"https:\/\/lucacastelli.com\/fr\/wp-json\/wp\/v2\/media\/453689"}],"wp:attachment":[{"href":"https:\/\/lucacastelli.com\/fr\/wp-json\/wp\/v2\/media?parent=463980"}],"wp:term":[{"taxonomy":"product_brand","embeddable":true,"href":"https:\/\/lucacastelli.com\/fr\/wp-json\/wp\/v2\/product_brand?post=463980"},{"taxonomy":"product_cat","embeddable":true,"href":"https:\/\/lucacastelli.com\/fr\/wp-json\/wp\/v2\/product_cat?post=463980"},{"taxonomy":"product_tag","embeddable":true,"href":"https:\/\/lucacastelli.com\/fr\/wp-json\/wp\/v2\/product_tag?post=463980"}],"curies":[{"name":"wp","href":"https:\/\/api.w.org\/{rel}","templated":true}]}}