{"id":463958,"date":"2025-06-01T04:08:04","date_gmt":"2025-06-01T02:08:04","guid":{"rendered":"https:\/\/lucacastelli.com\/prodotto\/disques-a-tronconner-en-resine-acier-300x35-mm\/"},"modified":"2025-06-28T03:57:23","modified_gmt":"2025-06-28T01:57:23","slug":"disques-a-tronconner-en-resine-acier-300x35-mm","status":"publish","type":"product","link":"https:\/\/lucacastelli.com\/fr\/produit\/disques-a-tronconner-en-resine-acier-300x35-mm\/","title":{"rendered":"STIHL Disques \u00e0 tron\u00e7onner en r\u00e9sine \u00ab&nbsp;Acier&nbsp;\u00bb, 300&#215;3,5 mm"},"content":{"rendered":"<p>Disque li\u00e9 en r\u00e9sine pour la coupe de l\u2019acier et de l\u2019acier de construction.<br \/>\n795711135546<\/p>\n","protected":false},"excerpt":{"rendered":"<p>Disques \u00e0 tron\u00e7onner en r\u00e9sine \u00ab&nbsp;Acier&nbsp;\u00bb, 300&#215;3,5 mm<\/p>\n","protected":false},"featured_media":440773,"template":"","meta":{"_seopress_robots_primary_cat":"","_seopress_titles_title":"","_seopress_titles_desc":"","_seopress_robots_index":""},"product_brand":[3366],"product_cat":[29,515,495],"product_tag":[3265],"class_list":{"0":"post-463958","1":"product","2":"type-product","3":"status-publish","4":"has-post-thumbnail","6":"product_brand-stihl","7":"product_cat-macchinari","8":"product_cat-accessori-e-materiale-di-consumo-altri-dispositivi","9":"product_cat-troncatrici-e-mototroncatrici","10":"product_tag-import-stihl","11":"sws-gruppo-macchinari-fr","12":"sws-conto-ricavi-merci-rivendita-macchinari-fr","13":"sws-gruppo-iva-iva81-fr","15":"first","16":"onbackorder","17":"purchasable","18":"product-type-simple"},"_links":{"self":[{"href":"https:\/\/lucacastelli.com\/fr\/wp-json\/wp\/v2\/product\/463958","targetHints":{"allow":["GET"]}}],"collection":[{"href":"https:\/\/lucacastelli.com\/fr\/wp-json\/wp\/v2\/product"}],"about":[{"href":"https:\/\/lucacastelli.com\/fr\/wp-json\/wp\/v2\/types\/product"}],"wp:featuredmedia":[{"embeddable":true,"href":"https:\/\/lucacastelli.com\/fr\/wp-json\/wp\/v2\/media\/440773"}],"wp:attachment":[{"href":"https:\/\/lucacastelli.com\/fr\/wp-json\/wp\/v2\/media?parent=463958"}],"wp:term":[{"taxonomy":"product_brand","embeddable":true,"href":"https:\/\/lucacastelli.com\/fr\/wp-json\/wp\/v2\/product_brand?post=463958"},{"taxonomy":"product_cat","embeddable":true,"href":"https:\/\/lucacastelli.com\/fr\/wp-json\/wp\/v2\/product_cat?post=463958"},{"taxonomy":"product_tag","embeddable":true,"href":"https:\/\/lucacastelli.com\/fr\/wp-json\/wp\/v2\/product_tag?post=463958"}],"curies":[{"name":"wp","href":"https:\/\/api.w.org\/{rel}","templated":true}]}}