{"id":463950,"date":"2025-06-01T02:50:51","date_gmt":"2025-06-01T00:50:51","guid":{"rendered":"https:\/\/lucacastelli.com\/prodotto\/fil-cf3-pro-o-33-mm-x-1800-m-3k\/"},"modified":"2026-03-09T00:37:08","modified_gmt":"2026-03-08T23:37:08","slug":"fil-cf3-pro-o-33-mm-x-1800-m-3k","status":"publish","type":"product","link":"https:\/\/lucacastelli.com\/fr\/produit\/fil-cf3-pro-o-33-mm-x-1800-m-3k\/","title":{"rendered":"STIHL Fil CF3 Pro \u00d8 3,3 mm x 180,0 m 3K"},"content":{"rendered":"<p>Gr\u00e2ce au syst\u00e8me CF3 Pro, un fil encore plus r\u00e9sistant a \u00e9t\u00e9 d\u00e9velopp\u00e9. Le fil \u00e0 trois composants est fabriqu\u00e9 avec des polyamides de haute qualit\u00e9, garantissant une dur\u00e9e de vie plus longue. Gr\u00e2ce \u00e0 l&#8217;enroulement des fils, le sifflement entendu pendant la coupe est r\u00e9duit. De plus, le nouveau profil en forme de croix permet de meilleures performances de coupe et une plus grande pr\u00e9cision le long des bords. Le fil hi-tech est compatible avec de nombreuses t\u00eates STIHL<br \/>\n886661318049    <\/p>\n","protected":false},"excerpt":{"rendered":"<p>Fil CF3 Pro \u00d8 3,3 mm x 180,0 m 3K<\/p>\n","protected":false},"featured_media":438218,"template":"","meta":{"_seopress_robots_primary_cat":"none","_seopress_titles_title":"","_seopress_titles_desc":"","_seopress_robots_index":""},"product_brand":[3366],"product_cat":[29,270,271],"product_tag":[3265],"class_list":{"0":"post-463950","1":"product","2":"type-product","3":"status-publish","4":"has-post-thumbnail","6":"product_brand-stihl","7":"product_cat-macchinari","8":"product_cat-decespugliatori-e-tagliabordi","9":"product_cat-accessori-e-materiale-di-consumo-decespugliatori-e-tagliabordi","10":"product_tag-import-stihl","11":"sws-gruppo-macchinari-fr","12":"sws-conto-ricavi-merci-rivendita-macchinari-fr","13":"sws-gruppo-iva-iva81-fr","15":"first","16":"onbackorder","17":"purchasable","18":"product-type-simple"},"_links":{"self":[{"href":"https:\/\/lucacastelli.com\/fr\/wp-json\/wp\/v2\/product\/463950","targetHints":{"allow":["GET"]}}],"collection":[{"href":"https:\/\/lucacastelli.com\/fr\/wp-json\/wp\/v2\/product"}],"about":[{"href":"https:\/\/lucacastelli.com\/fr\/wp-json\/wp\/v2\/types\/product"}],"wp:featuredmedia":[{"embeddable":true,"href":"https:\/\/lucacastelli.com\/fr\/wp-json\/wp\/v2\/media\/438218"}],"wp:attachment":[{"href":"https:\/\/lucacastelli.com\/fr\/wp-json\/wp\/v2\/media?parent=463950"}],"wp:term":[{"taxonomy":"product_brand","embeddable":true,"href":"https:\/\/lucacastelli.com\/fr\/wp-json\/wp\/v2\/product_brand?post=463950"},{"taxonomy":"product_cat","embeddable":true,"href":"https:\/\/lucacastelli.com\/fr\/wp-json\/wp\/v2\/product_cat?post=463950"},{"taxonomy":"product_tag","embeddable":true,"href":"https:\/\/lucacastelli.com\/fr\/wp-json\/wp\/v2\/product_tag?post=463950"}],"curies":[{"name":"wp","href":"https:\/\/api.w.org\/{rel}","templated":true}]}}