{"id":463886,"date":"2025-06-01T02:48:10","date_gmt":"2025-06-01T00:48:10","guid":{"rendered":"https:\/\/lucacastelli.com\/prodotto\/fil-pentagonal-o-24-mm-x-970-m-orange\/"},"modified":"2026-03-09T00:37:08","modified_gmt":"2026-03-08T23:37:08","slug":"fil-pentagonal-o-24-mm-x-970-m-orange","status":"publish","type":"product","link":"https:\/\/lucacastelli.com\/fr\/produit\/fil-pentagonal-o-24-mm-x-970-m-orange\/","title":{"rendered":"STIHL Fil de coupe pentagonal \u00d8 2,4 mm x 97,0 m orange"},"content":{"rendered":"<p>pPolyvalent dans son utilisation, avec une puissance de coupe \u00e9lev\u00e9e.\/p<br \/>\n886661002795<\/p>\n","protected":false},"excerpt":{"rendered":"<p>Fil de coupe pentagonal \u00d8 2,4 mm x 97,0 m orange<\/p>\n","protected":false},"featured_media":438146,"template":"","meta":{"_seopress_robots_primary_cat":"none","_seopress_titles_title":"","_seopress_titles_desc":"","_seopress_robots_index":""},"product_brand":[3366],"product_cat":[29,515,270],"product_tag":[3265],"class_list":{"0":"post-463886","1":"product","2":"type-product","3":"status-publish","4":"has-post-thumbnail","6":"product_brand-stihl","7":"product_cat-macchinari","8":"product_cat-accessori-e-materiale-di-consumo-altri-dispositivi","9":"product_cat-decespugliatori-e-tagliabordi","10":"product_tag-import-stihl","11":"sws-gruppo-macchinari-fr","12":"sws-conto-ricavi-merci-rivendita-macchinari-fr","13":"sws-gruppo-iva-iva81-fr","15":"first","16":"onbackorder","17":"purchasable","18":"product-type-simple"},"_links":{"self":[{"href":"https:\/\/lucacastelli.com\/fr\/wp-json\/wp\/v2\/product\/463886","targetHints":{"allow":["GET"]}}],"collection":[{"href":"https:\/\/lucacastelli.com\/fr\/wp-json\/wp\/v2\/product"}],"about":[{"href":"https:\/\/lucacastelli.com\/fr\/wp-json\/wp\/v2\/types\/product"}],"wp:featuredmedia":[{"embeddable":true,"href":"https:\/\/lucacastelli.com\/fr\/wp-json\/wp\/v2\/media\/438146"}],"wp:attachment":[{"href":"https:\/\/lucacastelli.com\/fr\/wp-json\/wp\/v2\/media?parent=463886"}],"wp:term":[{"taxonomy":"product_brand","embeddable":true,"href":"https:\/\/lucacastelli.com\/fr\/wp-json\/wp\/v2\/product_brand?post=463886"},{"taxonomy":"product_cat","embeddable":true,"href":"https:\/\/lucacastelli.com\/fr\/wp-json\/wp\/v2\/product_cat?post=463886"},{"taxonomy":"product_tag","embeddable":true,"href":"https:\/\/lucacastelli.com\/fr\/wp-json\/wp\/v2\/product_tag?post=463886"}],"curies":[{"name":"wp","href":"https:\/\/api.w.org\/{rel}","templated":true}]}}