{"id":463869,"date":"2025-06-01T02:47:53","date_gmt":"2025-06-01T00:47:53","guid":{"rendered":"https:\/\/lucacastelli.com\/prodotto\/fil-carre-o-27-mm-x-320-m-rouge\/"},"modified":"2026-04-05T16:36:37","modified_gmt":"2026-04-05T14:36:37","slug":"fil-carre-o-27-mm-x-320-m-rouge","status":"publish","type":"product","link":"https:\/\/lucacastelli.com\/fr\/produit\/fil-carre-o-27-mm-x-320-m-rouge\/","title":{"rendered":"STIHL Fil de coupe carr\u00e9 \u00d8 2,7 mm x 32,0 m rouge"},"content":{"rendered":"<p>pFils de coupe carr\u00e9s, 2,4 mm\/p<br \/>\n886661002962<\/p>\n","protected":false},"excerpt":{"rendered":"<p>Fil de coupe carr\u00e9 \u00d8 2,7 mm x 32,0 m rouge<\/p>\n","protected":false},"featured_media":438134,"template":"","meta":{"_seopress_robots_primary_cat":"none","_seopress_titles_title":"","_seopress_titles_desc":"","_seopress_robots_index":""},"product_brand":[3366],"product_cat":[29,515,270],"product_tag":[3265],"class_list":{"0":"post-463869","1":"product","2":"type-product","3":"status-publish","4":"has-post-thumbnail","6":"product_brand-stihl","7":"product_cat-macchinari","8":"product_cat-accessori-e-materiale-di-consumo-altri-dispositivi","9":"product_cat-decespugliatori-e-tagliabordi","10":"product_tag-import-stihl","11":"sws-gruppo-macchinari-fr","12":"sws-conto-ricavi-merci-rivendita-macchinari-fr","13":"sws-gruppo-iva-iva81-fr","15":"first","16":"onbackorder","17":"purchasable","18":"product-type-simple"},"_links":{"self":[{"href":"https:\/\/lucacastelli.com\/fr\/wp-json\/wp\/v2\/product\/463869","targetHints":{"allow":["GET"]}}],"collection":[{"href":"https:\/\/lucacastelli.com\/fr\/wp-json\/wp\/v2\/product"}],"about":[{"href":"https:\/\/lucacastelli.com\/fr\/wp-json\/wp\/v2\/types\/product"}],"wp:featuredmedia":[{"embeddable":true,"href":"https:\/\/lucacastelli.com\/fr\/wp-json\/wp\/v2\/media\/438134"}],"wp:attachment":[{"href":"https:\/\/lucacastelli.com\/fr\/wp-json\/wp\/v2\/media?parent=463869"}],"wp:term":[{"taxonomy":"product_brand","embeddable":true,"href":"https:\/\/lucacastelli.com\/fr\/wp-json\/wp\/v2\/product_brand?post=463869"},{"taxonomy":"product_cat","embeddable":true,"href":"https:\/\/lucacastelli.com\/fr\/wp-json\/wp\/v2\/product_cat?post=463869"},{"taxonomy":"product_tag","embeddable":true,"href":"https:\/\/lucacastelli.com\/fr\/wp-json\/wp\/v2\/product_tag?post=463869"}],"curies":[{"name":"wp","href":"https:\/\/api.w.org\/{rel}","templated":true}]}}