{"id":463865,"date":"2025-06-01T02:47:18","date_gmt":"2025-06-01T00:47:18","guid":{"rendered":"https:\/\/lucacastelli.com\/prodotto\/fil-rond-et-silencieux-o-27-mm-x-650-m-rouge\/"},"modified":"2026-03-09T00:37:08","modified_gmt":"2026-03-08T23:37:08","slug":"fil-rond-et-silencieux-o-27-mm-x-650-m-rouge","status":"publish","type":"product","link":"https:\/\/lucacastelli.com\/fr\/produit\/fil-rond-et-silencieux-o-27-mm-x-650-m-rouge\/","title":{"rendered":"STIHL Fil rond et silencieux \u00d8 2,7 mm x 65,0 m rouge"},"content":{"rendered":"<p>pPour une utilisation avec des d\u00e9broussailleuses \u00e9lectriques et \u00e0 batterie avec un bruit r\u00e9duit.\/p<br \/>\n886661002924<\/p>\n","protected":false},"excerpt":{"rendered":"<p>Fil rond et silencieux \u00d8 2,7 mm x 65,0 m rouge<\/p>\n","protected":false},"featured_media":438122,"template":"","meta":{"_seopress_robots_primary_cat":"none","_seopress_titles_title":"","_seopress_titles_desc":"","_seopress_robots_index":""},"product_brand":[3555],"product_cat":[167,1456,1586],"product_tag":[3267],"class_list":{"0":"post-463865","1":"product","2":"type-product","3":"status-publish","4":"has-post-thumbnail","6":"product_brand-stihl-fr","7":"product_cat-machines","8":"product_cat-accessoires-et-consommables-fr","9":"product_cat-debroussailleuses-et-coupe-bordures","10":"product_tag-import-stihl-fr","11":"sws-gruppo-macchinari-fr","12":"sws-conto-ricavi-merci-rivendita-macchinari-fr","13":"sws-gruppo-iva-iva81-fr","15":"first","16":"onbackorder","17":"purchasable","18":"product-type-simple"},"_links":{"self":[{"href":"https:\/\/lucacastelli.com\/fr\/wp-json\/wp\/v2\/product\/463865","targetHints":{"allow":["GET"]}}],"collection":[{"href":"https:\/\/lucacastelli.com\/fr\/wp-json\/wp\/v2\/product"}],"about":[{"href":"https:\/\/lucacastelli.com\/fr\/wp-json\/wp\/v2\/types\/product"}],"wp:featuredmedia":[{"embeddable":true,"href":"https:\/\/lucacastelli.com\/fr\/wp-json\/wp\/v2\/media\/438122"}],"wp:attachment":[{"href":"https:\/\/lucacastelli.com\/fr\/wp-json\/wp\/v2\/media?parent=463865"}],"wp:term":[{"taxonomy":"product_brand","embeddable":true,"href":"https:\/\/lucacastelli.com\/fr\/wp-json\/wp\/v2\/product_brand?post=463865"},{"taxonomy":"product_cat","embeddable":true,"href":"https:\/\/lucacastelli.com\/fr\/wp-json\/wp\/v2\/product_cat?post=463865"},{"taxonomy":"product_tag","embeddable":true,"href":"https:\/\/lucacastelli.com\/fr\/wp-json\/wp\/v2\/product_tag?post=463865"}],"curies":[{"name":"wp","href":"https:\/\/api.w.org\/{rel}","templated":true}]}}