{"id":463845,"date":"2025-06-01T02:46:53","date_gmt":"2025-06-01T00:46:53","guid":{"rendered":"https:\/\/lucacastelli.com\/prodotto\/fil-rond-et-silencieux-o-20-mm-x-140-m-vert\/"},"modified":"2026-03-02T09:44:12","modified_gmt":"2026-03-02T08:44:12","slug":"fil-rond-et-silencieux-o-20-mm-x-140-m-vert","status":"publish","type":"product","link":"https:\/\/lucacastelli.com\/fr\/produit\/fil-rond-et-silencieux-o-20-mm-x-140-m-vert\/","title":{"rendered":"STIHL Fil rond et silencieux \u00d8 2,0 mm x 14,0 m vert"},"content":{"rendered":"<p>pPour une utilisation avec des d\u00e9broussailleuses \u00e9lectriques et \u00e0 batterie avec un bruit r\u00e9duit.\/p<br \/>\n886661002641<\/p>\n","protected":false},"excerpt":{"rendered":"<p>Fil rond et silencieux \u00d8 2,0 mm x 14,0 m vert<\/p>\n","protected":false},"featured_media":425691,"template":"","meta":{"_seopress_robots_primary_cat":"none","_seopress_titles_title":"","_seopress_titles_desc":"","_seopress_robots_index":""},"product_brand":[3366],"product_cat":[29,515,270],"product_tag":[3265],"class_list":{"0":"post-463845","1":"product","2":"type-product","3":"status-publish","4":"has-post-thumbnail","6":"product_brand-stihl","7":"product_cat-macchinari","8":"product_cat-accessori-e-materiale-di-consumo-altri-dispositivi","9":"product_cat-decespugliatori-e-tagliabordi","10":"product_tag-import-stihl","11":"sws-gruppo-macchinari-fr","12":"sws-conto-ricavi-merci-rivendita-macchinari-fr","13":"sws-gruppo-iva-iva81-fr","15":"first","16":"onbackorder","17":"purchasable","18":"product-type-simple"},"_links":{"self":[{"href":"https:\/\/lucacastelli.com\/fr\/wp-json\/wp\/v2\/product\/463845","targetHints":{"allow":["GET"]}}],"collection":[{"href":"https:\/\/lucacastelli.com\/fr\/wp-json\/wp\/v2\/product"}],"about":[{"href":"https:\/\/lucacastelli.com\/fr\/wp-json\/wp\/v2\/types\/product"}],"wp:featuredmedia":[{"embeddable":true,"href":"https:\/\/lucacastelli.com\/fr\/wp-json\/wp\/v2\/media\/425691"}],"wp:attachment":[{"href":"https:\/\/lucacastelli.com\/fr\/wp-json\/wp\/v2\/media?parent=463845"}],"wp:term":[{"taxonomy":"product_brand","embeddable":true,"href":"https:\/\/lucacastelli.com\/fr\/wp-json\/wp\/v2\/product_brand?post=463845"},{"taxonomy":"product_cat","embeddable":true,"href":"https:\/\/lucacastelli.com\/fr\/wp-json\/wp\/v2\/product_cat?post=463845"},{"taxonomy":"product_tag","embeddable":true,"href":"https:\/\/lucacastelli.com\/fr\/wp-json\/wp\/v2\/product_tag?post=463845"}],"curies":[{"name":"wp","href":"https:\/\/api.w.org\/{rel}","templated":true}]}}