{"id":463842,"date":"2025-06-01T02:46:51","date_gmt":"2025-06-01T00:46:51","guid":{"rendered":"https:\/\/lucacastelli.com\/prodotto\/fil-rond-et-silencieux-o-27-mm-x-2080-m-rouge\/"},"modified":"2026-03-02T11:21:19","modified_gmt":"2026-03-02T10:21:19","slug":"fil-rond-et-silencieux-o-27-mm-x-2080-m-rouge","status":"publish","type":"product","link":"https:\/\/lucacastelli.com\/fr\/produit\/fil-rond-et-silencieux-o-27-mm-x-2080-m-rouge\/","title":{"rendered":"STIHL Fil rond et silencieux \u00d8 2,7 mm x 208,0 m rouge"},"content":{"rendered":"<p>pPour une utilisation avec des d\u00e9broussailleuses \u00e9lectriques et \u00e0 batterie avec un bruit r\u00e9duit.\/p<br \/>\n795711979263<\/p>\n","protected":false},"excerpt":{"rendered":"<p>Fil rond et silencieux \u00d8 2,7 mm x 208,0 m rouge<\/p>\n","protected":false},"featured_media":425682,"template":"","meta":{"_seopress_robots_primary_cat":"none","_seopress_titles_title":"","_seopress_titles_desc":"","_seopress_robots_index":""},"product_brand":[3555],"product_cat":[1587,1586,167],"product_tag":[3267],"class_list":{"0":"post-463842","1":"product","2":"type-product","3":"status-publish","4":"has-post-thumbnail","6":"product_brand-stihl-fr","7":"product_cat-accessoires-et-consommables-fr-3","8":"product_cat-debroussailleuses-et-coupe-bordures","9":"product_cat-machines","10":"product_tag-import-stihl-fr","11":"sws-gruppo-macchinari-fr","12":"sws-conto-ricavi-merci-rivendita-macchinari-fr","13":"sws-gruppo-iva-iva81-fr","15":"first","16":"onbackorder","17":"purchasable","18":"product-type-simple"},"_links":{"self":[{"href":"https:\/\/lucacastelli.com\/fr\/wp-json\/wp\/v2\/product\/463842","targetHints":{"allow":["GET"]}}],"collection":[{"href":"https:\/\/lucacastelli.com\/fr\/wp-json\/wp\/v2\/product"}],"about":[{"href":"https:\/\/lucacastelli.com\/fr\/wp-json\/wp\/v2\/types\/product"}],"wp:featuredmedia":[{"embeddable":true,"href":"https:\/\/lucacastelli.com\/fr\/wp-json\/wp\/v2\/media\/425682"}],"wp:attachment":[{"href":"https:\/\/lucacastelli.com\/fr\/wp-json\/wp\/v2\/media?parent=463842"}],"wp:term":[{"taxonomy":"product_brand","embeddable":true,"href":"https:\/\/lucacastelli.com\/fr\/wp-json\/wp\/v2\/product_brand?post=463842"},{"taxonomy":"product_cat","embeddable":true,"href":"https:\/\/lucacastelli.com\/fr\/wp-json\/wp\/v2\/product_cat?post=463842"},{"taxonomy":"product_tag","embeddable":true,"href":"https:\/\/lucacastelli.com\/fr\/wp-json\/wp\/v2\/product_tag?post=463842"}],"curies":[{"name":"wp","href":"https:\/\/api.w.org\/{rel}","templated":true}]}}