{"id":463805,"date":"2025-06-01T02:45:03","date_gmt":"2025-06-01T00:45:03","guid":{"rendered":"https:\/\/lucacastelli.com\/prodotto\/gabarit-daffutage-3-8\/"},"modified":"2025-06-01T02:45:03","modified_gmt":"2025-06-01T00:45:03","slug":"gabarit-daffutage-3-8","status":"publish","type":"product","link":"https:\/\/lucacastelli.com\/fr\/produit\/gabarit-daffutage-3-8\/","title":{"rendered":"Gabarit d\u2019aff\u00fbtage 3\/8&#8243;"},"content":{"rendered":"<p>\u00c0 utiliser manuellement pour la jauge de profondeur en acier tremp\u00e9 avec un rev\u00eatement sp\u00e9cial. Deux r\u00e9glages : pour le bois dur et le bois tendre. Avec le crochet, vous pouvez nettoyer \u00e0 la fois la rainure de la barre et le trou d\u2019huile.<br \/>\n886661363759  <\/p>\n","protected":false},"excerpt":{"rendered":"<p>Gabarit d\u2019aff\u00fbtage 3\/8&#8243;<\/p>\n","protected":false},"featured_media":438070,"template":"","meta":{"_seopress_robots_primary_cat":"","_seopress_titles_title":"","_seopress_titles_desc":"","_seopress_robots_index":""},"product_brand":[3555],"product_cat":[1456,167,1604],"product_tag":[3267],"class_list":{"0":"post-463805","1":"product","2":"type-product","3":"status-publish","4":"has-post-thumbnail","6":"product_brand-stihl-fr","7":"product_cat-accessoires-et-consommables-fr","8":"product_cat-machines","9":"product_cat-tronconneuses","10":"product_tag-import-stihl-fr","11":"sws-gruppo-macchinari-fr","12":"sws-conto-ricavi-merci-rivendita-macchinari-fr","13":"sws-gruppo-iva-iva81-fr","15":"first","16":"onbackorder","17":"purchasable","18":"product-type-simple"},"_links":{"self":[{"href":"https:\/\/lucacastelli.com\/fr\/wp-json\/wp\/v2\/product\/463805","targetHints":{"allow":["GET"]}}],"collection":[{"href":"https:\/\/lucacastelli.com\/fr\/wp-json\/wp\/v2\/product"}],"about":[{"href":"https:\/\/lucacastelli.com\/fr\/wp-json\/wp\/v2\/types\/product"}],"wp:featuredmedia":[{"embeddable":true,"href":"https:\/\/lucacastelli.com\/fr\/wp-json\/wp\/v2\/media\/438070"}],"wp:attachment":[{"href":"https:\/\/lucacastelli.com\/fr\/wp-json\/wp\/v2\/media?parent=463805"}],"wp:term":[{"taxonomy":"product_brand","embeddable":true,"href":"https:\/\/lucacastelli.com\/fr\/wp-json\/wp\/v2\/product_brand?post=463805"},{"taxonomy":"product_cat","embeddable":true,"href":"https:\/\/lucacastelli.com\/fr\/wp-json\/wp\/v2\/product_cat?post=463805"},{"taxonomy":"product_tag","embeddable":true,"href":"https:\/\/lucacastelli.com\/fr\/wp-json\/wp\/v2\/product_tag?post=463805"}],"curies":[{"name":"wp","href":"https:\/\/api.w.org\/{rel}","templated":true}]}}