{"id":463792,"date":"2025-06-01T02:44:53","date_gmt":"2025-06-01T00:44:53","guid":{"rendered":"https:\/\/lucacastelli.com\/prodotto\/gabarit-daffutage-3-8p\/"},"modified":"2025-06-29T09:21:57","modified_gmt":"2025-06-29T07:21:57","slug":"gabarit-daffutage-3-8p","status":"publish","type":"product","link":"https:\/\/lucacastelli.com\/fr\/produit\/gabarit-daffutage-3-8p\/","title":{"rendered":"Gabarit d\u2019aff\u00fbtage 3\/8&#8243;P"},"content":{"rendered":"<p>\u00c0 utiliser manuellement pour la jauge de profondeur en acier tremp\u00e9 avec un rev\u00eatement sp\u00e9cial. Deux r\u00e9glages : pour le bois dur et le bois tendre. Avec le crochet, vous pouvez nettoyer \u00e0 la fois la rainure de la barre et le trou d\u2019huile.<br \/>\n886661363735  <\/p>\n","protected":false},"excerpt":{"rendered":"<p>Gabarit d\u2019aff\u00fbtage 3\/8&#8243;P<\/p>\n","protected":false},"featured_media":438062,"template":"","meta":{"_seopress_robots_primary_cat":"","_seopress_titles_title":"","_seopress_titles_desc":"","_seopress_robots_index":""},"product_brand":[3366],"product_cat":[29,515,268],"product_tag":[3265],"class_list":{"0":"post-463792","1":"product","2":"type-product","3":"status-publish","4":"has-post-thumbnail","6":"product_brand-stihl","7":"product_cat-macchinari","8":"product_cat-accessori-e-materiale-di-consumo-altri-dispositivi","9":"product_cat-motoseghe","10":"product_tag-import-stihl","11":"sws-gruppo-macchinari-fr","12":"sws-conto-ricavi-merci-rivendita-macchinari-fr","13":"sws-gruppo-iva-iva81-fr","15":"first","16":"onbackorder","17":"purchasable","18":"product-type-simple"},"_links":{"self":[{"href":"https:\/\/lucacastelli.com\/fr\/wp-json\/wp\/v2\/product\/463792","targetHints":{"allow":["GET"]}}],"collection":[{"href":"https:\/\/lucacastelli.com\/fr\/wp-json\/wp\/v2\/product"}],"about":[{"href":"https:\/\/lucacastelli.com\/fr\/wp-json\/wp\/v2\/types\/product"}],"wp:featuredmedia":[{"embeddable":true,"href":"https:\/\/lucacastelli.com\/fr\/wp-json\/wp\/v2\/media\/438062"}],"wp:attachment":[{"href":"https:\/\/lucacastelli.com\/fr\/wp-json\/wp\/v2\/media?parent=463792"}],"wp:term":[{"taxonomy":"product_brand","embeddable":true,"href":"https:\/\/lucacastelli.com\/fr\/wp-json\/wp\/v2\/product_brand?post=463792"},{"taxonomy":"product_cat","embeddable":true,"href":"https:\/\/lucacastelli.com\/fr\/wp-json\/wp\/v2\/product_cat?post=463792"},{"taxonomy":"product_tag","embeddable":true,"href":"https:\/\/lucacastelli.com\/fr\/wp-json\/wp\/v2\/product_tag?post=463792"}],"curies":[{"name":"wp","href":"https:\/\/api.w.org\/{rel}","templated":true}]}}