{"id":463790,"date":"2025-06-01T02:44:44","date_gmt":"2025-06-01T00:44:44","guid":{"rendered":"https:\/\/lucacastelli.com\/prodotto\/casque-de-securite-advance-x-climb\/"},"modified":"2025-06-01T02:44:44","modified_gmt":"2025-06-01T00:44:44","slug":"casque-de-securite-advance-x-climb","status":"publish","type":"product","link":"https:\/\/lucacastelli.com\/fr\/produit\/casque-de-securite-advance-x-climb\/","title":{"rendered":"Casque de s\u00e9curit\u00e9 ADVANCE X-Climb"},"content":{"rendered":"<p>Le casque STIHL Advance X-Climb, sp\u00e9cialement con\u00e7u pour la pratique de la taille.<br \/>\nLe casque X-Climb est tr\u00e8s l\u00e9ger (seulement 740g) et enti\u00e8rement r\u00e9glable. Il offre un ajustement parfait pour une bonne mobilit\u00e9 de la t\u00eate.<br \/>\nLes normes EN 12492 et EN 397 garantissent une s\u00e9curit\u00e9 optimale pour les travaux au sol et dans les airs.<br \/>\n886661558865 <\/p>\n<p>CASQUE AVEC OUVERTURES D\u2019A\u00c9RATION 1<\/p>\n","protected":false},"excerpt":{"rendered":"<p>Casque de s\u00e9curit\u00e9 ADVANCE X-Climb<\/p>\n","protected":false},"featured_media":425594,"template":"","meta":{"_seopress_robots_primary_cat":"","_seopress_titles_title":"","_seopress_titles_desc":"","_seopress_robots_index":""},"product_brand":[3366],"product_cat":[29,484],"product_tag":[3265],"class_list":{"0":"post-463790","1":"product","2":"type-product","3":"status-publish","4":"has-post-thumbnail","6":"product_brand-stihl","7":"product_cat-macchinari","8":"product_cat-utensili-e-accessori-forestali","9":"product_tag-import-stihl","10":"sws-gruppo-macchinari-fr","11":"sws-conto-ricavi-merci-rivendita-abbigliamento-fr","12":"sws-gruppo-iva-iva81-fr","14":"first","15":"onbackorder","16":"purchasable","17":"product-type-simple"},"_links":{"self":[{"href":"https:\/\/lucacastelli.com\/fr\/wp-json\/wp\/v2\/product\/463790","targetHints":{"allow":["GET"]}}],"collection":[{"href":"https:\/\/lucacastelli.com\/fr\/wp-json\/wp\/v2\/product"}],"about":[{"href":"https:\/\/lucacastelli.com\/fr\/wp-json\/wp\/v2\/types\/product"}],"wp:featuredmedia":[{"embeddable":true,"href":"https:\/\/lucacastelli.com\/fr\/wp-json\/wp\/v2\/media\/425594"}],"wp:attachment":[{"href":"https:\/\/lucacastelli.com\/fr\/wp-json\/wp\/v2\/media?parent=463790"}],"wp:term":[{"taxonomy":"product_brand","embeddable":true,"href":"https:\/\/lucacastelli.com\/fr\/wp-json\/wp\/v2\/product_brand?post=463790"},{"taxonomy":"product_cat","embeddable":true,"href":"https:\/\/lucacastelli.com\/fr\/wp-json\/wp\/v2\/product_cat?post=463790"},{"taxonomy":"product_tag","embeddable":true,"href":"https:\/\/lucacastelli.com\/fr\/wp-json\/wp\/v2\/product_tag?post=463790"}],"curies":[{"name":"wp","href":"https:\/\/api.w.org\/{rel}","templated":true}]}}