{"id":463786,"date":"2025-06-01T02:44:43","date_gmt":"2025-06-01T00:44:43","guid":{"rendered":"https:\/\/lucacastelli.com\/prodotto\/ensemble-de-capsules-de-protection-auditive-bt\/"},"modified":"2025-06-01T02:44:43","modified_gmt":"2025-06-01T00:44:43","slug":"ensemble-de-capsules-de-protection-auditive-bt","status":"publish","type":"product","link":"https:\/\/lucacastelli.com\/fr\/produit\/ensemble-de-capsules-de-protection-auditive-bt\/","title":{"rendered":"Ensemble de capsules de protection auditive BT"},"content":{"rendered":"<p>pCompatible avec les ensembles de casques de la s\u00e9rie ADVANCE ; La connexion Bluetooth vous permet d\u2019utiliser les fonctions du smartphone, telles que passer des appels t\u00e9l\u00e9phoniques et \u00e9couter de la musique 886661348169.<\/p>\n","protected":false},"excerpt":{"rendered":"<p>Ensemble de capsules de protection auditive BT<\/p>\n","protected":false},"featured_media":425589,"template":"","meta":{"_seopress_robots_primary_cat":"","_seopress_titles_title":"","_seopress_titles_desc":"","_seopress_robots_index":""},"product_brand":[3554],"product_cat":[169,1700],"product_tag":[3266],"class_list":{"0":"post-463786","1":"product","2":"type-product","3":"status-publish","4":"has-post-thumbnail","6":"product_brand-stihl-de","7":"product_cat-maschinen","8":"product_cat-forstwirtschaftliche-werkzeuge-und-zubehor","9":"product_tag-import-stihl-de","10":"sws-gruppo-macchinari-fr","11":"sws-conto-ricavi-merci-rivendita-abbigliamento-fr","12":"sws-gruppo-iva-iva81-fr","14":"first","15":"onbackorder","16":"purchasable","17":"product-type-simple"},"_links":{"self":[{"href":"https:\/\/lucacastelli.com\/fr\/wp-json\/wp\/v2\/product\/463786","targetHints":{"allow":["GET"]}}],"collection":[{"href":"https:\/\/lucacastelli.com\/fr\/wp-json\/wp\/v2\/product"}],"about":[{"href":"https:\/\/lucacastelli.com\/fr\/wp-json\/wp\/v2\/types\/product"}],"wp:featuredmedia":[{"embeddable":true,"href":"https:\/\/lucacastelli.com\/fr\/wp-json\/wp\/v2\/media\/425589"}],"wp:attachment":[{"href":"https:\/\/lucacastelli.com\/fr\/wp-json\/wp\/v2\/media?parent=463786"}],"wp:term":[{"taxonomy":"product_brand","embeddable":true,"href":"https:\/\/lucacastelli.com\/fr\/wp-json\/wp\/v2\/product_brand?post=463786"},{"taxonomy":"product_cat","embeddable":true,"href":"https:\/\/lucacastelli.com\/fr\/wp-json\/wp\/v2\/product_cat?post=463786"},{"taxonomy":"product_tag","embeddable":true,"href":"https:\/\/lucacastelli.com\/fr\/wp-json\/wp\/v2\/product_tag?post=463786"}],"curies":[{"name":"wp","href":"https:\/\/api.w.org\/{rel}","templated":true}]}}