{"id":463782,"date":"2025-06-01T02:39:08","date_gmt":"2025-06-01T00:39:08","guid":{"rendered":"https:\/\/lucacastelli.com\/?post_type=product&#038;p=463782"},"modified":"2025-07-03T09:43:49","modified_gmt":"2025-07-03T07:43:49","slug":"houe-a-main","status":"publish","type":"product","link":"https:\/\/lucacastelli.com\/fr\/produit\/houe-a-main\/","title":{"rendered":"Houe \u00e0 main"},"content":{"rendered":"<p>Houe avec manche de forme allemande. Renforc\u00e9. Poids 500 g. Particuli\u00e8rement adapt\u00e9 pour tra\u00eener des b\u00fbches.<br \/>\n795711003258   <\/p>\n","protected":false},"excerpt":{"rendered":"<p>Houe \u00e0 main<\/p>\n","protected":false},"featured_media":482289,"template":"","meta":{"_seopress_robots_primary_cat":"","_seopress_titles_title":"","_seopress_titles_desc":"","_seopress_robots_index":""},"product_brand":[3366],"product_cat":[29,484],"product_tag":[3265],"class_list":{"0":"post-463782","1":"product","2":"type-product","3":"status-publish","4":"has-post-thumbnail","6":"product_brand-stihl","7":"product_cat-macchinari","8":"product_cat-utensili-e-accessori-forestali","9":"product_tag-import-stihl","10":"sws-gruppo-macchinari-fr","11":"sws-gruppo-iva-iva81-fr","13":"first","14":"onbackorder","15":"purchasable","16":"product-type-simple"},"_links":{"self":[{"href":"https:\/\/lucacastelli.com\/fr\/wp-json\/wp\/v2\/product\/463782","targetHints":{"allow":["GET"]}}],"collection":[{"href":"https:\/\/lucacastelli.com\/fr\/wp-json\/wp\/v2\/product"}],"about":[{"href":"https:\/\/lucacastelli.com\/fr\/wp-json\/wp\/v2\/types\/product"}],"wp:featuredmedia":[{"embeddable":true,"href":"https:\/\/lucacastelli.com\/fr\/wp-json\/wp\/v2\/media\/482289"}],"wp:attachment":[{"href":"https:\/\/lucacastelli.com\/fr\/wp-json\/wp\/v2\/media?parent=463782"}],"wp:term":[{"taxonomy":"product_brand","embeddable":true,"href":"https:\/\/lucacastelli.com\/fr\/wp-json\/wp\/v2\/product_brand?post=463782"},{"taxonomy":"product_cat","embeddable":true,"href":"https:\/\/lucacastelli.com\/fr\/wp-json\/wp\/v2\/product_cat?post=463782"},{"taxonomy":"product_tag","embeddable":true,"href":"https:\/\/lucacastelli.com\/fr\/wp-json\/wp\/v2\/product_tag?post=463782"}],"curies":[{"name":"wp","href":"https:\/\/api.w.org\/{rel}","templated":true}]}}