{"id":463779,"date":"2025-06-01T02:39:14","date_gmt":"2025-06-01T00:39:14","guid":{"rendered":"https:\/\/lucacastelli.com\/prodotto\/houe-en-aluminium\/"},"modified":"2025-06-01T02:39:14","modified_gmt":"2025-06-01T00:39:14","slug":"houe-en-aluminium","status":"publish","type":"product","link":"https:\/\/lucacastelli.com\/fr\/produit\/houe-en-aluminium\/","title":{"rendered":"Houe en aluminium"},"content":{"rendered":"<p>Houe l\u00e9g\u00e8re et maniable (seulement 580 g) en alliage d\u2019aluminium tr\u00e8s r\u00e9sistant avec manche en mat\u00e9riau synth\u00e9tique. Il ne glisse pas sur le bois gr\u00e2ce \u00e0 un crochet suppl\u00e9mentaire. Pour d\u00e9placer et ramasser de petites b\u00fbches et des morceaux de bois sans se fatiguer le dos.<br \/>\n795711399917  <\/p>\n","protected":false},"excerpt":{"rendered":"<p>Houe en aluminium<\/p>\n","protected":false},"featured_media":425261,"template":"","meta":{"_seopress_robots_primary_cat":"","_seopress_titles_title":"","_seopress_titles_desc":"","_seopress_robots_index":""},"product_brand":[3366],"product_cat":[29,484],"product_tag":[3265],"class_list":{"0":"post-463779","1":"product","2":"type-product","3":"status-publish","4":"has-post-thumbnail","6":"product_brand-stihl","7":"product_cat-macchinari","8":"product_cat-utensili-e-accessori-forestali","9":"product_tag-import-stihl","10":"sws-gruppo-macchinari-fr","11":"sws-conto-ricavi-merci-rivendita-macchinari-fr","12":"sws-gruppo-iva-iva81-fr","14":"first","15":"onbackorder","16":"purchasable","17":"product-type-simple"},"_links":{"self":[{"href":"https:\/\/lucacastelli.com\/fr\/wp-json\/wp\/v2\/product\/463779","targetHints":{"allow":["GET"]}}],"collection":[{"href":"https:\/\/lucacastelli.com\/fr\/wp-json\/wp\/v2\/product"}],"about":[{"href":"https:\/\/lucacastelli.com\/fr\/wp-json\/wp\/v2\/types\/product"}],"wp:featuredmedia":[{"embeddable":true,"href":"https:\/\/lucacastelli.com\/fr\/wp-json\/wp\/v2\/media\/425261"}],"wp:attachment":[{"href":"https:\/\/lucacastelli.com\/fr\/wp-json\/wp\/v2\/media?parent=463779"}],"wp:term":[{"taxonomy":"product_brand","embeddable":true,"href":"https:\/\/lucacastelli.com\/fr\/wp-json\/wp\/v2\/product_brand?post=463779"},{"taxonomy":"product_cat","embeddable":true,"href":"https:\/\/lucacastelli.com\/fr\/wp-json\/wp\/v2\/product_cat?post=463779"},{"taxonomy":"product_tag","embeddable":true,"href":"https:\/\/lucacastelli.com\/fr\/wp-json\/wp\/v2\/product_tag?post=463779"}],"curies":[{"name":"wp","href":"https:\/\/api.w.org\/{rel}","templated":true}]}}