{"id":463774,"date":"2025-06-01T02:38:47","date_gmt":"2025-06-01T00:38:47","guid":{"rendered":"https:\/\/lucacastelli.com\/prodotto\/cale-torsadee-aluminium-920g\/"},"modified":"2025-06-01T02:38:47","modified_gmt":"2025-06-01T00:38:47","slug":"cale-torsadee-aluminium-920g","status":"publish","type":"product","link":"https:\/\/lucacastelli.com\/fr\/produit\/cale-torsadee-aluminium-920g\/","title":{"rendered":"Cale torsad\u00e9e, aluminium, 920g"},"content":{"rendered":"<p>Effet de coupe maximal avec un angle. Aluminium forg\u00e9, tr\u00e8s stable bien que tr\u00e8s l\u00e9ger. Fraise de guidage et clips de retenue pour un enfoncement optimal et une adh\u00e9rence maximale m\u00eame sur du bois glac\u00e9. Surface de frappe ronde pour une excellente r\u00e9partition de la force.<br \/>\n795711953973   <\/p>\n","protected":false},"excerpt":{"rendered":"<p>Cale torsad\u00e9e, aluminium, 920g<\/p>\n","protected":false},"featured_media":425253,"template":"","meta":{"_seopress_robots_primary_cat":"","_seopress_titles_title":"","_seopress_titles_desc":"","_seopress_robots_index":""},"product_brand":[3366],"product_cat":[29,484],"product_tag":[3265],"class_list":{"0":"post-463774","1":"product","2":"type-product","3":"status-publish","4":"has-post-thumbnail","6":"product_brand-stihl","7":"product_cat-macchinari","8":"product_cat-utensili-e-accessori-forestali","9":"product_tag-import-stihl","10":"sws-gruppo-macchinari-fr","11":"sws-conto-ricavi-merci-rivendita-macchinari-fr","12":"sws-gruppo-iva-iva81-fr","14":"first","15":"onbackorder","16":"purchasable","17":"product-type-simple"},"_links":{"self":[{"href":"https:\/\/lucacastelli.com\/fr\/wp-json\/wp\/v2\/product\/463774","targetHints":{"allow":["GET"]}}],"collection":[{"href":"https:\/\/lucacastelli.com\/fr\/wp-json\/wp\/v2\/product"}],"about":[{"href":"https:\/\/lucacastelli.com\/fr\/wp-json\/wp\/v2\/types\/product"}],"wp:featuredmedia":[{"embeddable":true,"href":"https:\/\/lucacastelli.com\/fr\/wp-json\/wp\/v2\/media\/425253"}],"wp:attachment":[{"href":"https:\/\/lucacastelli.com\/fr\/wp-json\/wp\/v2\/media?parent=463774"}],"wp:term":[{"taxonomy":"product_brand","embeddable":true,"href":"https:\/\/lucacastelli.com\/fr\/wp-json\/wp\/v2\/product_brand?post=463774"},{"taxonomy":"product_cat","embeddable":true,"href":"https:\/\/lucacastelli.com\/fr\/wp-json\/wp\/v2\/product_cat?post=463774"},{"taxonomy":"product_tag","embeddable":true,"href":"https:\/\/lucacastelli.com\/fr\/wp-json\/wp\/v2\/product_tag?post=463774"}],"curies":[{"name":"wp","href":"https:\/\/api.w.org\/{rel}","templated":true}]}}