{"id":463765,"date":"2025-06-01T02:38:28","date_gmt":"2025-06-01T00:38:28","guid":{"rendered":"https:\/\/lucacastelli.com\/prodotto\/boite-pour-le-stockage-des-chaines\/"},"modified":"2026-03-02T11:23:34","modified_gmt":"2026-03-02T10:23:34","slug":"boite-pour-le-stockage-des-chaines","status":"publish","type":"product","link":"https:\/\/lucacastelli.com\/fr\/produit\/boite-pour-le-stockage-des-chaines\/","title":{"rendered":"STIHL Bo\u00eete de rangement pour cha\u00eenes"},"content":{"rendered":"<p>Dans cette bo\u00eete robuste en mat\u00e9riau synth\u00e9tique, les cha\u00eenes sont bien rang\u00e9es. La bo\u00eete est \u00e9tanche et dot\u00e9e d&#8217;une fermeture double s\u00e9curis\u00e9e. Elle est livr\u00e9e avec deux s\u00e9parateurs permettant de diviser l&#8217;int\u00e9rieur. Ainsi, elle peut accueillir une grande cha\u00eene ou jusqu&#8217;\u00e0 3 petites cha\u00eenes, ainsi que d&#8217;autres accessoires, comme par exemple une bougie. Dimensions : 18 x 12 x 4 cm.<br \/>\n795711399931    <\/p>\n","protected":false},"excerpt":{"rendered":"<p>Bo\u00eete de rangement pour cha\u00eenes<\/p>\n","protected":false},"featured_media":425245,"template":"","meta":{"_seopress_robots_primary_cat":"","_seopress_titles_title":"","_seopress_titles_desc":"","_seopress_robots_index":""},"product_brand":[3366],"product_cat":[29,268,504],"product_tag":[3265],"class_list":{"0":"post-463765","1":"product","2":"type-product","3":"status-publish","4":"has-post-thumbnail","6":"product_brand-stihl","7":"product_cat-macchinari","8":"product_cat-motoseghe","9":"product_cat-catene-e-rotoli","10":"product_tag-import-stihl","11":"sws-gruppo-macchinari-fr","12":"sws-conto-ricavi-merci-rivendita-macchinari-fr","13":"sws-gruppo-iva-iva81-fr","15":"first","16":"onbackorder","17":"purchasable","18":"product-type-simple"},"_links":{"self":[{"href":"https:\/\/lucacastelli.com\/fr\/wp-json\/wp\/v2\/product\/463765","targetHints":{"allow":["GET"]}}],"collection":[{"href":"https:\/\/lucacastelli.com\/fr\/wp-json\/wp\/v2\/product"}],"about":[{"href":"https:\/\/lucacastelli.com\/fr\/wp-json\/wp\/v2\/types\/product"}],"wp:featuredmedia":[{"embeddable":true,"href":"https:\/\/lucacastelli.com\/fr\/wp-json\/wp\/v2\/media\/425245"}],"wp:attachment":[{"href":"https:\/\/lucacastelli.com\/fr\/wp-json\/wp\/v2\/media?parent=463765"}],"wp:term":[{"taxonomy":"product_brand","embeddable":true,"href":"https:\/\/lucacastelli.com\/fr\/wp-json\/wp\/v2\/product_brand?post=463765"},{"taxonomy":"product_cat","embeddable":true,"href":"https:\/\/lucacastelli.com\/fr\/wp-json\/wp\/v2\/product_cat?post=463765"},{"taxonomy":"product_tag","embeddable":true,"href":"https:\/\/lucacastelli.com\/fr\/wp-json\/wp\/v2\/product_tag?post=463765"}],"curies":[{"name":"wp","href":"https:\/\/api.w.org\/{rel}","templated":true}]}}