{"id":463764,"date":"2025-06-01T02:38:30","date_gmt":"2025-06-01T00:38:30","guid":{"rendered":"https:\/\/lucacastelli.com\/prodotto\/boitier-de-batterie-avec-insert\/"},"modified":"2025-06-01T02:38:30","modified_gmt":"2025-06-01T00:38:30","slug":"boitier-de-batterie-avec-insert","status":"publish","type":"product","link":"https:\/\/lucacastelli.com\/fr\/produit\/boitier-de-batterie-avec-insert\/","title":{"rendered":"Bo\u00eetier de batterie avec insert"},"content":{"rendered":"<p>Pour un transport en toute s\u00e9curit\u00e9 avec un espace limit\u00e9 pour la batterie et les chargeurs. Compatible avec les syst\u00e8mes de v\u00e9hicules Sortimo L-BOXXen et Sortimo Globelyst. Avec insert. Peut contenir quatre ou deux batteries AP avec un chargeur AL 300 ou AL 500.<br \/>\n886661958290   <\/p>\n","protected":false},"excerpt":{"rendered":"<p>Bo\u00eetier de batterie avec insert<\/p>\n","protected":false},"featured_media":425249,"template":"","meta":{"_seopress_robots_primary_cat":"","_seopress_titles_title":"","_seopress_titles_desc":"","_seopress_robots_index":""},"product_brand":[3555],"product_cat":[167,1450],"product_tag":[3267],"class_list":{"0":"post-463764","1":"product","2":"type-product","3":"status-publish","4":"has-post-thumbnail","6":"product_brand-stihl-fr","7":"product_cat-machines","8":"product_cat-systemes-de-batteries-accessoires","9":"product_tag-import-stihl-fr","10":"sws-gruppo-macchinari-fr","11":"sws-conto-ricavi-merci-rivendita-macchinari-fr","12":"sws-gruppo-iva-iva81-fr","14":"first","15":"onbackorder","16":"purchasable","17":"product-type-simple"},"_links":{"self":[{"href":"https:\/\/lucacastelli.com\/fr\/wp-json\/wp\/v2\/product\/463764","targetHints":{"allow":["GET"]}}],"collection":[{"href":"https:\/\/lucacastelli.com\/fr\/wp-json\/wp\/v2\/product"}],"about":[{"href":"https:\/\/lucacastelli.com\/fr\/wp-json\/wp\/v2\/types\/product"}],"wp:featuredmedia":[{"embeddable":true,"href":"https:\/\/lucacastelli.com\/fr\/wp-json\/wp\/v2\/media\/425249"}],"wp:attachment":[{"href":"https:\/\/lucacastelli.com\/fr\/wp-json\/wp\/v2\/media?parent=463764"}],"wp:term":[{"taxonomy":"product_brand","embeddable":true,"href":"https:\/\/lucacastelli.com\/fr\/wp-json\/wp\/v2\/product_brand?post=463764"},{"taxonomy":"product_cat","embeddable":true,"href":"https:\/\/lucacastelli.com\/fr\/wp-json\/wp\/v2\/product_cat?post=463764"},{"taxonomy":"product_tag","embeddable":true,"href":"https:\/\/lucacastelli.com\/fr\/wp-json\/wp\/v2\/product_tag?post=463764"}],"curies":[{"name":"wp","href":"https:\/\/api.w.org\/{rel}","templated":true}]}}