{"id":463756,"date":"2025-06-01T04:06:24","date_gmt":"2025-06-01T02:06:24","guid":{"rendered":"https:\/\/lucacastelli.com\/prodotto\/cp-200-1-l\/"},"modified":"2025-06-28T03:56:57","modified_gmt":"2025-06-28T01:56:57","slug":"cp-200-1-l","status":"publish","type":"product","link":"https:\/\/lucacastelli.com\/fr\/produit\/cp-200-1-l\/","title":{"rendered":"STIHL CP 200, 1 l"},"content":{"rendered":"<p>Pour un usage professionnel et pour toutes les surfaces dures, \u00e0<br \/>\nl\u2019exception des textiles, il \u00e9limine une grande vari\u00e9t\u00e9 de d\u00e9p\u00f4ts de salet\u00e9, tels que l\u2019huile et la graisse, la suie, la poussi\u00e8re et la salet\u00e9 des insectes.<br \/>\n886661956081<\/p>\n","protected":false},"excerpt":{"rendered":"<p>CP 200, 1 l<\/p>\n","protected":false},"featured_media":440751,"template":"","meta":{"_seopress_robots_primary_cat":"","_seopress_titles_title":"","_seopress_titles_desc":"","_seopress_robots_index":""},"product_brand":[3366],"product_cat":[29,514,515,519],"product_tag":[3265],"class_list":{"0":"post-463756","1":"product","2":"type-product","3":"status-publish","4":"has-post-thumbnail","6":"product_brand-stihl","7":"product_cat-macchinari","8":"product_cat-altri-dispositivi","9":"product_cat-accessori-e-materiale-di-consumo-altri-dispositivi","10":"product_cat-idropulitrici","11":"product_tag-import-stihl","12":"sws-gruppo-macchinari-fr","13":"sws-conto-ricavi-merci-rivendita-macchinari-fr","14":"sws-gruppo-iva-iva81-fr","16":"first","17":"onbackorder","18":"purchasable","19":"product-type-simple"},"_links":{"self":[{"href":"https:\/\/lucacastelli.com\/fr\/wp-json\/wp\/v2\/product\/463756","targetHints":{"allow":["GET"]}}],"collection":[{"href":"https:\/\/lucacastelli.com\/fr\/wp-json\/wp\/v2\/product"}],"about":[{"href":"https:\/\/lucacastelli.com\/fr\/wp-json\/wp\/v2\/types\/product"}],"wp:featuredmedia":[{"embeddable":true,"href":"https:\/\/lucacastelli.com\/fr\/wp-json\/wp\/v2\/media\/440751"}],"wp:attachment":[{"href":"https:\/\/lucacastelli.com\/fr\/wp-json\/wp\/v2\/media?parent=463756"}],"wp:term":[{"taxonomy":"product_brand","embeddable":true,"href":"https:\/\/lucacastelli.com\/fr\/wp-json\/wp\/v2\/product_brand?post=463756"},{"taxonomy":"product_cat","embeddable":true,"href":"https:\/\/lucacastelli.com\/fr\/wp-json\/wp\/v2\/product_cat?post=463756"},{"taxonomy":"product_tag","embeddable":true,"href":"https:\/\/lucacastelli.com\/fr\/wp-json\/wp\/v2\/product_tag?post=463756"}],"curies":[{"name":"wp","href":"https:\/\/api.w.org\/{rel}","templated":true}]}}