{"id":463752,"date":"2025-06-01T04:06:18","date_gmt":"2025-06-01T02:06:18","guid":{"rendered":"https:\/\/lucacastelli.com\/prodotto\/cu-100-1-l\/"},"modified":"2025-06-28T03:56:46","modified_gmt":"2025-06-28T01:56:46","slug":"cu-100-1-l","status":"publish","type":"product","link":"https:\/\/lucacastelli.com\/fr\/produit\/cu-100-1-l\/","title":{"rendered":"STIHL CU 100, 1 l"},"content":{"rendered":"<p>Pour enlever en douceur diff\u00e9rents types de salet\u00e9 sur les surfaces<br \/>\ndures de la maison et dans le jardin. Convient aux surfaces peintes, m\u00e9talliques, pierres, synth\u00e9tiques et vitr\u00e9es.<br \/>\n886661956050 <\/p>\n","protected":false},"excerpt":{"rendered":"<p>CU 100, 1 l<\/p>\n","protected":false},"featured_media":440746,"template":"","meta":{"_seopress_robots_primary_cat":"","_seopress_titles_title":"","_seopress_titles_desc":"","_seopress_robots_index":""},"product_brand":[3366],"product_cat":[29,514,515,519],"product_tag":[3265],"class_list":{"0":"post-463752","1":"product","2":"type-product","3":"status-publish","4":"has-post-thumbnail","6":"product_brand-stihl","7":"product_cat-macchinari","8":"product_cat-altri-dispositivi","9":"product_cat-accessori-e-materiale-di-consumo-altri-dispositivi","10":"product_cat-idropulitrici","11":"product_tag-import-stihl","12":"sws-gruppo-macchinari-fr","13":"sws-conto-ricavi-merci-rivendita-macchinari-fr","14":"sws-gruppo-iva-iva81-fr","16":"first","17":"onbackorder","18":"purchasable","19":"product-type-simple"},"_links":{"self":[{"href":"https:\/\/lucacastelli.com\/fr\/wp-json\/wp\/v2\/product\/463752","targetHints":{"allow":["GET"]}}],"collection":[{"href":"https:\/\/lucacastelli.com\/fr\/wp-json\/wp\/v2\/product"}],"about":[{"href":"https:\/\/lucacastelli.com\/fr\/wp-json\/wp\/v2\/types\/product"}],"wp:featuredmedia":[{"embeddable":true,"href":"https:\/\/lucacastelli.com\/fr\/wp-json\/wp\/v2\/media\/440746"}],"wp:attachment":[{"href":"https:\/\/lucacastelli.com\/fr\/wp-json\/wp\/v2\/media?parent=463752"}],"wp:term":[{"taxonomy":"product_brand","embeddable":true,"href":"https:\/\/lucacastelli.com\/fr\/wp-json\/wp\/v2\/product_brand?post=463752"},{"taxonomy":"product_cat","embeddable":true,"href":"https:\/\/lucacastelli.com\/fr\/wp-json\/wp\/v2\/product_cat?post=463752"},{"taxonomy":"product_tag","embeddable":true,"href":"https:\/\/lucacastelli.com\/fr\/wp-json\/wp\/v2\/product_tag?post=463752"}],"curies":[{"name":"wp","href":"https:\/\/api.w.org\/{rel}","templated":true}]}}