{"id":463751,"date":"2025-06-01T04:06:51","date_gmt":"2025-06-01T02:06:51","guid":{"rendered":"https:\/\/lucacastelli.com\/prodotto\/cc-100-1-l\/"},"modified":"2025-06-28T03:57:04","modified_gmt":"2025-06-28T01:57:04","slug":"cc-100-1-l","status":"publish","type":"product","link":"https:\/\/lucacastelli.com\/fr\/produit\/cc-100-1-l\/","title":{"rendered":"STIHL CC 100, 1 l"},"content":{"rendered":"<p>Pour enlever la salet\u00e9 typique de la route telle que le sel, la poussi\u00e8re et les insectes des v\u00e9hicules de toutes sortes. Composants moussants en cire de haute qualit\u00e9, brillance brillante, effet nacr\u00e9 durable.<br \/>\n886661956029 <\/p>\n","protected":false},"excerpt":{"rendered":"<p>CC 100, 1 l<\/p>\n","protected":false},"featured_media":440756,"template":"","meta":{"_seopress_robots_primary_cat":"","_seopress_titles_title":"","_seopress_titles_desc":"","_seopress_robots_index":""},"product_brand":[3366],"product_cat":[29,514,515,519],"product_tag":[3265],"class_list":{"0":"post-463751","1":"product","2":"type-product","3":"status-publish","4":"has-post-thumbnail","6":"product_brand-stihl","7":"product_cat-macchinari","8":"product_cat-altri-dispositivi","9":"product_cat-accessori-e-materiale-di-consumo-altri-dispositivi","10":"product_cat-idropulitrici","11":"product_tag-import-stihl","12":"sws-gruppo-macchinari-fr","13":"sws-conto-ricavi-merci-rivendita-macchinari-fr","14":"sws-gruppo-iva-iva81-fr","16":"first","17":"onbackorder","18":"purchasable","19":"product-type-simple"},"_links":{"self":[{"href":"https:\/\/lucacastelli.com\/fr\/wp-json\/wp\/v2\/product\/463751","targetHints":{"allow":["GET"]}}],"collection":[{"href":"https:\/\/lucacastelli.com\/fr\/wp-json\/wp\/v2\/product"}],"about":[{"href":"https:\/\/lucacastelli.com\/fr\/wp-json\/wp\/v2\/types\/product"}],"wp:featuredmedia":[{"embeddable":true,"href":"https:\/\/lucacastelli.com\/fr\/wp-json\/wp\/v2\/media\/440756"}],"wp:attachment":[{"href":"https:\/\/lucacastelli.com\/fr\/wp-json\/wp\/v2\/media?parent=463751"}],"wp:term":[{"taxonomy":"product_brand","embeddable":true,"href":"https:\/\/lucacastelli.com\/fr\/wp-json\/wp\/v2\/product_brand?post=463751"},{"taxonomy":"product_cat","embeddable":true,"href":"https:\/\/lucacastelli.com\/fr\/wp-json\/wp\/v2\/product_cat?post=463751"},{"taxonomy":"product_tag","embeddable":true,"href":"https:\/\/lucacastelli.com\/fr\/wp-json\/wp\/v2\/product_tag?post=463751"}],"curies":[{"name":"wp","href":"https:\/\/api.w.org\/{rel}","templated":true}]}}