{"id":463749,"date":"2025-06-01T04:07:45","date_gmt":"2025-06-01T02:07:45","guid":{"rendered":"https:\/\/lucacastelli.com\/prodotto\/cs-100-5-l\/"},"modified":"2025-06-28T03:57:05","modified_gmt":"2025-06-28T01:57:05","slug":"cs-100-5-l","status":"publish","type":"product","link":"https:\/\/lucacastelli.com\/fr\/produit\/cs-100-5-l\/","title":{"rendered":"STIHL CS 100 5 l"},"content":{"rendered":"<p>Pour les fa\u00e7ades et les surfaces dures en pierre, en b\u00e9ton, en bois ou en carrelage. Il \u00e9limine efficacement les salissures tenaces, telles que les couches de verdure, les gaz d\u2019\u00e9chappement, la suie et la poussi\u00e8re.<br \/>\n886661956043 <\/p>\n","protected":false},"excerpt":{"rendered":"<p>CS 100 5 l<\/p>\n","protected":false},"featured_media":440762,"template":"","meta":{"_seopress_robots_primary_cat":"","_seopress_titles_title":"","_seopress_titles_desc":"","_seopress_robots_index":""},"product_brand":[3555],"product_cat":[1456,1453,167,1513],"product_tag":[3267],"class_list":{"0":"post-463749","1":"product","2":"type-product","3":"status-publish","4":"has-post-thumbnail","6":"product_brand-stihl-fr","7":"product_cat-accessoires-et-consommables-fr","8":"product_cat-autres-appareils","9":"product_cat-machines","10":"product_cat-nettoyeurs-haute-pression","11":"product_tag-import-stihl-fr","12":"sws-gruppo-macchinari-fr","13":"sws-conto-ricavi-merci-rivendita-macchinari-fr","14":"sws-gruppo-iva-iva81-fr","16":"first","17":"onbackorder","18":"purchasable","19":"product-type-simple"},"_links":{"self":[{"href":"https:\/\/lucacastelli.com\/fr\/wp-json\/wp\/v2\/product\/463749","targetHints":{"allow":["GET"]}}],"collection":[{"href":"https:\/\/lucacastelli.com\/fr\/wp-json\/wp\/v2\/product"}],"about":[{"href":"https:\/\/lucacastelli.com\/fr\/wp-json\/wp\/v2\/types\/product"}],"wp:featuredmedia":[{"embeddable":true,"href":"https:\/\/lucacastelli.com\/fr\/wp-json\/wp\/v2\/media\/440762"}],"wp:attachment":[{"href":"https:\/\/lucacastelli.com\/fr\/wp-json\/wp\/v2\/media?parent=463749"}],"wp:term":[{"taxonomy":"product_brand","embeddable":true,"href":"https:\/\/lucacastelli.com\/fr\/wp-json\/wp\/v2\/product_brand?post=463749"},{"taxonomy":"product_cat","embeddable":true,"href":"https:\/\/lucacastelli.com\/fr\/wp-json\/wp\/v2\/product_cat?post=463749"},{"taxonomy":"product_tag","embeddable":true,"href":"https:\/\/lucacastelli.com\/fr\/wp-json\/wp\/v2\/product_tag?post=463749"}],"curies":[{"name":"wp","href":"https:\/\/api.w.org\/{rel}","templated":true}]}}