{"id":463743,"date":"2025-06-01T04:07:55","date_gmt":"2025-06-01T02:07:55","guid":{"rendered":"https:\/\/lucacastelli.com\/prodotto\/sb90-25kg\/"},"modified":"2025-06-28T03:57:21","modified_gmt":"2025-06-28T01:57:21","slug":"sb90-25kg","status":"publish","type":"product","link":"https:\/\/lucacastelli.com\/fr\/produit\/sb90-25kg\/","title":{"rendered":"STIHL SB90 25kg"},"content":{"rendered":"<p>Pour le sablage humide de surfaces robustes telles que la ma\u00e7onnerie ou le m\u00e9tal. Enl\u00e8ve la rouille ou les vieilles peintures, sans silicone, pour tous les appareils de sablage humide STIHL . Godet 25 kg<br \/>\n795711962722  <\/p>\n","protected":false},"excerpt":{"rendered":"<p>SB90 25kg<\/p>\n","protected":false},"featured_media":453693,"template":"","meta":{"_seopress_robots_primary_cat":"","_seopress_titles_title":"","_seopress_titles_desc":"","_seopress_robots_index":""},"product_brand":[3554],"product_cat":[169,1454,1512],"product_tag":[3266],"class_list":{"0":"post-463743","1":"product","2":"type-product","3":"status-publish","4":"has-post-thumbnail","6":"product_brand-stihl-de","7":"product_cat-maschinen","8":"product_cat-andere-gerate","9":"product_cat-hochdruckreiniger","10":"product_tag-import-stihl-de","11":"sws-gruppo-macchinari-fr","12":"sws-conto-ricavi-merci-rivendita-macchinari-fr","13":"sws-gruppo-iva-iva81-fr","15":"first","16":"onbackorder","17":"purchasable","18":"product-type-simple"},"_links":{"self":[{"href":"https:\/\/lucacastelli.com\/fr\/wp-json\/wp\/v2\/product\/463743","targetHints":{"allow":["GET"]}}],"collection":[{"href":"https:\/\/lucacastelli.com\/fr\/wp-json\/wp\/v2\/product"}],"about":[{"href":"https:\/\/lucacastelli.com\/fr\/wp-json\/wp\/v2\/types\/product"}],"wp:featuredmedia":[{"embeddable":true,"href":"https:\/\/lucacastelli.com\/fr\/wp-json\/wp\/v2\/media\/453693"}],"wp:attachment":[{"href":"https:\/\/lucacastelli.com\/fr\/wp-json\/wp\/v2\/media?parent=463743"}],"wp:term":[{"taxonomy":"product_brand","embeddable":true,"href":"https:\/\/lucacastelli.com\/fr\/wp-json\/wp\/v2\/product_brand?post=463743"},{"taxonomy":"product_cat","embeddable":true,"href":"https:\/\/lucacastelli.com\/fr\/wp-json\/wp\/v2\/product_cat?post=463743"},{"taxonomy":"product_tag","embeddable":true,"href":"https:\/\/lucacastelli.com\/fr\/wp-json\/wp\/v2\/product_tag?post=463743"}],"curies":[{"name":"wp","href":"https:\/\/api.w.org\/{rel}","templated":true}]}}