{"id":463735,"date":"2025-06-01T04:11:41","date_gmt":"2025-06-01T02:11:41","guid":{"rendered":"https:\/\/lucacastelli.com\/prodotto\/ms-261-c-bm-longueur-de-coupe-de-40-cm-rs-pro\/"},"modified":"2025-06-28T03:58:35","modified_gmt":"2025-06-28T01:58:35","slug":"ms-261-c-bm-longueur-de-coupe-de-40-cm-rs-pro","status":"publish","type":"product","link":"https:\/\/lucacastelli.com\/fr\/produit\/ms-261-c-bm-longueur-de-coupe-de-40-cm-rs-pro\/","title":{"rendered":"STIHL MS 261 C-BM, longueur de coupe de 40 cm, RS PRO"},"content":{"rendered":"<p>Tron\u00e7onneuse professionnelle l\u00e9g\u00e8re, maniable et puissante. Le dosage du carburant est ajust\u00e9 \u00e9lectroniquement et s\u2019adapte automatiquement aux conditions m\u00e9t\u00e9orologiques. \u00c9quip\u00e9 d\u2019un filtre HD2, d\u2019une pompe \u00e0 huile \u00e0 d\u00e9bit r\u00e9glable et de d\u00e9tails d\u2019\u00e9quipement sp\u00e9ciaux tels que le silencieux en acier inoxydable, des \u00e9crous anti-perte sur le couvercle de la bobine et un couvercle monobloc avec trois attaches rapides. Jusqu\u2019\u00e0 20 % de consommation de carburant en moins et jusqu\u2019\u00e0 50 % d\u2019\u00e9missions nocives en moins que les moteurs \u00e0 deux temps STIHL de puissance \u00e9gale, mais sans technologie 2-MIX.<br \/>\n886661428984<\/p>\n<p>Cylindr\u00e9e 50.2<br \/>\nPuissance Puissance<\/p>\n<p>Puissance Puissance Puissance<br \/>\n4,00<br \/>\nCO2 705<\/p>\n","protected":false},"excerpt":{"rendered":"<p>MS 261 C-BM, longueur de coupe de 40 cm, RS PRO<\/p>\n","protected":false},"featured_media":440868,"template":"","meta":{"_seopress_robots_primary_cat":"","_seopress_titles_title":"","_seopress_titles_desc":"","_seopress_robots_index":""},"product_brand":[3366],"product_cat":[29,494],"product_tag":[3265],"class_list":{"0":"post-463735","1":"product","2":"type-product","3":"status-publish","4":"has-post-thumbnail","6":"product_brand-stihl","7":"product_cat-macchinari","8":"product_cat-motoseghe-a-motore","9":"product_tag-import-stihl","10":"sws-gruppo-macchinari-fr","11":"sws-conto-ricavi-merci-rivendita-macchinari-fr","12":"sws-gruppo-iva-iva81-fr","14":"first","15":"onbackorder","16":"purchasable","17":"product-type-simple"},"_links":{"self":[{"href":"https:\/\/lucacastelli.com\/fr\/wp-json\/wp\/v2\/product\/463735","targetHints":{"allow":["GET"]}}],"collection":[{"href":"https:\/\/lucacastelli.com\/fr\/wp-json\/wp\/v2\/product"}],"about":[{"href":"https:\/\/lucacastelli.com\/fr\/wp-json\/wp\/v2\/types\/product"}],"wp:featuredmedia":[{"embeddable":true,"href":"https:\/\/lucacastelli.com\/fr\/wp-json\/wp\/v2\/media\/440868"}],"wp:attachment":[{"href":"https:\/\/lucacastelli.com\/fr\/wp-json\/wp\/v2\/media?parent=463735"}],"wp:term":[{"taxonomy":"product_brand","embeddable":true,"href":"https:\/\/lucacastelli.com\/fr\/wp-json\/wp\/v2\/product_brand?post=463735"},{"taxonomy":"product_cat","embeddable":true,"href":"https:\/\/lucacastelli.com\/fr\/wp-json\/wp\/v2\/product_cat?post=463735"},{"taxonomy":"product_tag","embeddable":true,"href":"https:\/\/lucacastelli.com\/fr\/wp-json\/wp\/v2\/product_tag?post=463735"}],"curies":[{"name":"wp","href":"https:\/\/api.w.org\/{rel}","templated":true}]}}