{"id":463725,"date":"2025-06-01T04:13:40","date_gmt":"2025-06-01T02:13:40","guid":{"rendered":"https:\/\/lucacastelli.com\/prodotto\/ms-462-c-m-r-longueur-de-coupe-50cm-rdr\/"},"modified":"2025-06-01T04:13:40","modified_gmt":"2025-06-01T02:13:40","slug":"ms-462-c-m-r-longueur-de-coupe-50cm-rdr","status":"publish","type":"product","link":"https:\/\/lucacastelli.com\/fr\/produit\/ms-462-c-m-r-longueur-de-coupe-50cm-rdr\/","title":{"rendered":"MS 462 C-M R, longueur de coupe 50cm, RDR"},"content":{"rendered":"<p>Tron\u00e7onneuse sp\u00e9ciale avec M-Tronic pour les interventions d\u2019urgence et la lutte contre l\u2019incendie, avec moteur 2-MIX et consommation r\u00e9duite jusqu\u2019\u00e0 20&nbsp;%. Moteur extr\u00eamement puissant et cha\u00eene blind\u00e9e sp\u00e9ciale Rapid Duro avec plaques en carbure. Le limiteur de profondeur de coupe avec poign\u00e9e est utilis\u00e9 rapidement et facilement, m\u00eame avec des gants.<br \/>\n886661363520  <\/p>\n<p>Cylindr\u00e9e 72.2<br \/>\nPuissance Puissance<\/p>\n<p>Puissance Puissance Puissance<br \/>\n5,90<br \/>\nCO2 704<\/p>\n","protected":false},"excerpt":{"rendered":"<p>MS 462 C-M R, longueur de coupe 50cm, RDR<\/p>\n","protected":false},"featured_media":429071,"template":"","meta":{"_seopress_robots_primary_cat":"","_seopress_titles_title":"","_seopress_titles_desc":"","_seopress_robots_index":""},"product_brand":[3555],"product_cat":[167,1604,1608],"product_tag":[3267],"class_list":{"0":"post-463725","1":"product","2":"type-product","3":"status-publish","4":"has-post-thumbnail","6":"product_brand-stihl-fr","7":"product_cat-machines","8":"product_cat-tronconneuses","9":"product_cat-tronconneuses-a-moteur","10":"product_tag-import-stihl-fr","11":"sws-gruppo-macchinari-fr","12":"sws-conto-ricavi-merci-rivendita-macchinari-fr","13":"sws-gruppo-iva-iva81-fr","15":"first","16":"onbackorder","17":"purchasable","18":"product-type-simple"},"_links":{"self":[{"href":"https:\/\/lucacastelli.com\/fr\/wp-json\/wp\/v2\/product\/463725","targetHints":{"allow":["GET"]}}],"collection":[{"href":"https:\/\/lucacastelli.com\/fr\/wp-json\/wp\/v2\/product"}],"about":[{"href":"https:\/\/lucacastelli.com\/fr\/wp-json\/wp\/v2\/types\/product"}],"wp:featuredmedia":[{"embeddable":true,"href":"https:\/\/lucacastelli.com\/fr\/wp-json\/wp\/v2\/media\/429071"}],"wp:attachment":[{"href":"https:\/\/lucacastelli.com\/fr\/wp-json\/wp\/v2\/media?parent=463725"}],"wp:term":[{"taxonomy":"product_brand","embeddable":true,"href":"https:\/\/lucacastelli.com\/fr\/wp-json\/wp\/v2\/product_brand?post=463725"},{"taxonomy":"product_cat","embeddable":true,"href":"https:\/\/lucacastelli.com\/fr\/wp-json\/wp\/v2\/product_cat?post=463725"},{"taxonomy":"product_tag","embeddable":true,"href":"https:\/\/lucacastelli.com\/fr\/wp-json\/wp\/v2\/product_tag?post=463725"}],"curies":[{"name":"wp","href":"https:\/\/api.w.org\/{rel}","templated":true}]}}