{"id":463720,"date":"2025-06-01T04:13:28","date_gmt":"2025-06-01T02:13:28","guid":{"rendered":"https:\/\/lucacastelli.com\/prodotto\/ms-462-c-m-vw-longueur-de-coupe-45cm-rs\/"},"modified":"2025-06-28T03:58:59","modified_gmt":"2025-06-28T01:58:59","slug":"ms-462-c-m-vw-longueur-de-coupe-45cm-rs","status":"publish","type":"product","link":"https:\/\/lucacastelli.com\/fr\/produit\/ms-462-c-m-vw-longueur-de-coupe-45cm-rs\/","title":{"rendered":"STIHL MS 462 C-M VW, longueur de coupe 45cm, RS"},"content":{"rendered":"<p>Avec la tron\u00e7onneuse STIHL MS 462 C-M VW, les travaux forestiers se poursuivent rapidement, m\u00eame en hiver. La tron\u00e7onneuse foresti\u00e8re au poids optimis\u00e9 ne p\u00e8se que 6,1 kg. Il est exceptionnellement l\u00e9ger et r\u00e9siste aux temp\u00e9ratures glaciales gr\u00e2ce \u00e0 l\u2019alnbsp&nbsp;; Forte \u00e9chauffement de la poign\u00e9e et du carburateur\/fort. Le chauffage \u00e9lectrique de la poign\u00e9e de tron\u00e7onneuse professionnelle vous permet de la tenir fermement m\u00eame par temps froid. Le chauffage \u00e9lectrique du carburateur avec commande marche\/arr\u00eat en fonction de la temp\u00e9rature emp\u00eache le carburateur de geler pendant l\u2019utilisation hivernale.\/ppLe STIHL MS 462 C-M pour l\u2019utilisation foresti\u00e8re convainc par sa puissancenbsp&nbsp;; STIHL 2-MIX\/strongnbsp&nbsp;; et le faible rapport poids\/puissance. La gestion \u00e9lectronique compl\u00e8te de thenbsp ; STIHL M-Tronic\/strongnbsp&nbsp;; permet un d\u00e9marrage facile et des performances optimales du moteur.\/ppLe STIHL MS 462 C-M VW dispose \u00e9galement d\u2019autres caract\u00e9ristiques bien pens\u00e9es :\/pulliLes bouchons de r\u00e9servoir sans outil permettent un remplissage d\u2019huile rapide et facile.\/liliLe changement de la cha\u00eene est rapide et facile gr\u00e2ce aux \u00e9crous anti-fuite sur le couvercle du pignon.\/liliDans les travaux poussi\u00e9reux, lefortnbsp&nbsp;; Le filtre \u00e0 air HD2\/puissant avec joint radial prot\u00e8ge le moteur de la poussi\u00e8re fine et peut \u00eatre facilement nettoy\u00e9, comme par exemple ; strongSTIHL VarioClean\/fort. La combinaison du filtre \u00e0 air HD2 avec pr\u00e9-s\u00e9paration, qui est \u00e9galement de s\u00e9rie sur le MS 462, offre un syst\u00e8me de filtration de l\u2019air durable.<br \/>\n886661363513<\/p>\n<p>Cylindr\u00e9e 72.2<br \/>\nPuissance Puissance<\/p>\n<p>Puissance Puissance Puissance<br \/>\n5,90<br \/>\nCO2 704<\/p>\n","protected":false},"excerpt":{"rendered":"<p>MS 462 C-M VW, longueur de coupe 45cm, RS<\/p>\n","protected":false},"featured_media":440942,"template":"","meta":{"_seopress_robots_primary_cat":"","_seopress_titles_title":"","_seopress_titles_desc":"","_seopress_robots_index":""},"product_brand":[3366],"product_cat":[29,494],"product_tag":[3265],"class_list":{"0":"post-463720","1":"product","2":"type-product","3":"status-publish","4":"has-post-thumbnail","6":"product_brand-stihl","7":"product_cat-macchinari","8":"product_cat-motoseghe-a-motore","9":"product_tag-import-stihl","10":"sws-gruppo-macchinari-fr","11":"sws-conto-ricavi-merci-rivendita-macchinari-fr","12":"sws-gruppo-iva-iva81-fr","14":"first","15":"onbackorder","16":"purchasable","17":"product-type-simple"},"_links":{"self":[{"href":"https:\/\/lucacastelli.com\/fr\/wp-json\/wp\/v2\/product\/463720","targetHints":{"allow":["GET"]}}],"collection":[{"href":"https:\/\/lucacastelli.com\/fr\/wp-json\/wp\/v2\/product"}],"about":[{"href":"https:\/\/lucacastelli.com\/fr\/wp-json\/wp\/v2\/types\/product"}],"wp:featuredmedia":[{"embeddable":true,"href":"https:\/\/lucacastelli.com\/fr\/wp-json\/wp\/v2\/media\/440942"}],"wp:attachment":[{"href":"https:\/\/lucacastelli.com\/fr\/wp-json\/wp\/v2\/media?parent=463720"}],"wp:term":[{"taxonomy":"product_brand","embeddable":true,"href":"https:\/\/lucacastelli.com\/fr\/wp-json\/wp\/v2\/product_brand?post=463720"},{"taxonomy":"product_cat","embeddable":true,"href":"https:\/\/lucacastelli.com\/fr\/wp-json\/wp\/v2\/product_cat?post=463720"},{"taxonomy":"product_tag","embeddable":true,"href":"https:\/\/lucacastelli.com\/fr\/wp-json\/wp\/v2\/product_tag?post=463720"}],"curies":[{"name":"wp","href":"https:\/\/api.w.org\/{rel}","templated":true}]}}