{"id":463713,"date":"2025-06-01T04:13:08","date_gmt":"2025-06-01T02:13:08","guid":{"rendered":"https:\/\/lucacastelli.com\/prodotto\/ms-462-c-m-longueur-de-coupe-de-45-cm-rs\/"},"modified":"2025-06-28T03:58:48","modified_gmt":"2025-06-28T01:58:48","slug":"ms-462-c-m-longueur-de-coupe-de-45-cm-rs","status":"publish","type":"product","link":"https:\/\/lucacastelli.com\/fr\/produit\/ms-462-c-m-longueur-de-coupe-de-45-cm-rs\/","title":{"rendered":"STIHL MS 462 C-M, longueur de coupe de 45 cm, RS"},"content":{"rendered":"<p>La STIHL MS 462 C-M est une tron\u00e7onneuse professionnelle tr\u00e8s l\u00e9g\u00e8re dans la classe des 70 cc. Il s\u2019av\u00e8re particuli\u00e8rement efficace pour les travaux en for\u00eat, pour la foresterie, l\u2019am\u00e9nagement paysager et le jardinage, ainsi que dans l\u2019agriculture. La puissance de 4,4 kW (6 ch) est id\u00e9ale pour l\u2019abattage et l\u2019\u00e9branchage d\u2019arbres de taille moyenne et grande.\/ppGr\u00e2ce \u00e0 ses composants optimis\u00e9s en termes de poids, il ne p\u00e8se que 6,0 kg et est donc extr\u00eamement maniable. Dans les emplois exigeants, chaque gramme compte. De plus, elle acc\u00e9l\u00e8re rapidement et fonctionne \u00e0 une vitesse de pointe constante.\/ppLa tron\u00e7onneuse foresti\u00e8re STIHL MS 462 C-M convainc par sa puissancenbsp&nbsp;; STIHL 2-MIXnbsp&nbsp;;\/stronge le faible rapport puissance\/poids. La gestion \u00e9lectronique compl\u00e8te de thenbsp ; STIHL M-Tronic\/strongnbsp&nbsp;; assure un d\u00e9marrage facile et des performances optimales du moteur. Autres caract\u00e9ristiques bien pens\u00e9es de la tron\u00e7onneuse :\/pulliLes bouchons de r\u00e9servoir sans outil permettent un r\u00e9approvisionnement en huile rapide et facile.\/liliLe changement de la cha\u00eene est rapide et facile gr\u00e2ce aux \u00e9crous anti-fuite sur le couvercle du pignon.\/liliDans les travaux poussi\u00e9reux, ilnbsp&nbsp;; filtre strongair HD2\/strongnbsp&nbsp;; Avec joint radial prot\u00e8ge le moteur de la poussi\u00e8re fine et peut \u00eatre facilement nettoy\u00e9, par exemple connbsp&nbsp;; strongSTIHL VarioClean\/stronga href=&#8221;https:\/\/www.stihl.it\/it\/ap\/varioclean-1461&#8243;strong.\/strong\/anbsp&nbsp;; La combinaison du filtre \u00e0 air HD2 avec pr\u00e9-s\u00e9paration, qui est \u00e9galement de s\u00e9rie sur le MS 462, offre un syst\u00e8me de filtration de l\u2019air durable.<br \/>\n886661363391<\/p>\n<p>Cylindr\u00e9e 72.2<br \/>\nPuissance Puissance<\/p>\n<p>Puissance Puissance Puissance<br \/>\n5,90<br \/>\nCO2 704<\/p>\n","protected":false},"excerpt":{"rendered":"<p>MS 462 C-M, longueur de coupe de 45 cm, RS<\/p>\n","protected":false},"featured_media":440929,"template":"","meta":{"_seopress_robots_primary_cat":"","_seopress_titles_title":"","_seopress_titles_desc":"","_seopress_robots_index":""},"product_brand":[3366],"product_cat":[29,494],"product_tag":[3265],"class_list":{"0":"post-463713","1":"product","2":"type-product","3":"status-publish","4":"has-post-thumbnail","6":"product_brand-stihl","7":"product_cat-macchinari","8":"product_cat-motoseghe-a-motore","9":"product_tag-import-stihl","10":"sws-gruppo-macchinari-fr","11":"sws-conto-ricavi-merci-rivendita-macchinari-fr","12":"sws-gruppo-iva-iva81-fr","14":"first","15":"onbackorder","16":"purchasable","17":"product-type-simple"},"_links":{"self":[{"href":"https:\/\/lucacastelli.com\/fr\/wp-json\/wp\/v2\/product\/463713","targetHints":{"allow":["GET"]}}],"collection":[{"href":"https:\/\/lucacastelli.com\/fr\/wp-json\/wp\/v2\/product"}],"about":[{"href":"https:\/\/lucacastelli.com\/fr\/wp-json\/wp\/v2\/types\/product"}],"wp:featuredmedia":[{"embeddable":true,"href":"https:\/\/lucacastelli.com\/fr\/wp-json\/wp\/v2\/media\/440929"}],"wp:attachment":[{"href":"https:\/\/lucacastelli.com\/fr\/wp-json\/wp\/v2\/media?parent=463713"}],"wp:term":[{"taxonomy":"product_brand","embeddable":true,"href":"https:\/\/lucacastelli.com\/fr\/wp-json\/wp\/v2\/product_brand?post=463713"},{"taxonomy":"product_cat","embeddable":true,"href":"https:\/\/lucacastelli.com\/fr\/wp-json\/wp\/v2\/product_cat?post=463713"},{"taxonomy":"product_tag","embeddable":true,"href":"https:\/\/lucacastelli.com\/fr\/wp-json\/wp\/v2\/product_tag?post=463713"}],"curies":[{"name":"wp","href":"https:\/\/api.w.org\/{rel}","templated":true}]}}