{"id":463712,"date":"2025-06-01T04:12:36","date_gmt":"2025-06-01T02:12:36","guid":{"rendered":"https:\/\/lucacastelli.com\/prodotto\/ms-261-c-m-vw-longueur-de-coupe-de-45-cm-rs-pro\/"},"modified":"2026-03-02T09:33:56","modified_gmt":"2026-03-02T08:33:56","slug":"ms-261-c-m-vw-longueur-de-coupe-de-45-cm-rs-pro","status":"publish","type":"product","link":"https:\/\/lucacastelli.com\/fr\/produit\/ms-261-c-m-vw-longueur-de-coupe-de-45-cm-rs-pro\/","title":{"rendered":"STIHL MS 261 C-M VW, longueur de coupe 45 cm, RS Pro"},"content":{"rendered":"<p>Tron\u00e7onneuse professionnelle l\u00e9g\u00e8re, maniable et puissante. Le dosage du carburant est r\u00e9gl\u00e9 \u00e9lectroniquement et s\u2019adapte automatiquement aux conditions m\u00e9t\u00e9orologiques. \u00c9quip\u00e9e d\u2019un filtre HD2, d\u2019une pompe \u00e0 huile \u00e0 d\u00e9bit r\u00e9glable et de d\u00e9tails d\u2019\u00e9quipement sp\u00e9cifiques tels que le silencieux en acier inoxydable, les \u00e9crous imperdables sur le cache du pignon et un capot d\u2019une seule pi\u00e8ce avec trois fermetures rapides. Jusqu\u2019\u00e0 20 % de consommation de carburant en moins et jusqu\u2019\u00e0 50 % d\u2019\u00e9missions nocives en moins par rapport aux moteurs \u00e0 deux temps STIHL de m\u00eame puissance, mais sans la technologie 2-MIX.<br \/>\n886661451210   <\/p>\n<p>Cylindr\u00e9e 50.2<br \/>\nPuissance Puissance<\/p>\n<p>Puissance Puissance Puissance<br \/>\n4,00<br \/>\nCO2 705<\/p>\n","protected":false},"excerpt":{"rendered":"<p>MS 261 C-M VW, longueur de coupe 45 cm, RS Pro<\/p>\n","protected":false},"featured_media":440911,"template":"","meta":{"_seopress_robots_primary_cat":"","_seopress_titles_title":"","_seopress_titles_desc":"","_seopress_robots_index":""},"product_brand":[3366],"product_cat":[29,494],"product_tag":[3265],"class_list":{"0":"post-463712","1":"product","2":"type-product","3":"status-publish","4":"has-post-thumbnail","6":"product_brand-stihl","7":"product_cat-macchinari","8":"product_cat-motoseghe-a-motore","9":"product_tag-import-stihl","10":"sws-gruppo-macchinari-fr","11":"sws-conto-ricavi-merci-rivendita-macchinari-fr","12":"sws-gruppo-iva-iva81-fr","14":"first","15":"onbackorder","16":"purchasable","17":"product-type-simple"},"_links":{"self":[{"href":"https:\/\/lucacastelli.com\/fr\/wp-json\/wp\/v2\/product\/463712","targetHints":{"allow":["GET"]}}],"collection":[{"href":"https:\/\/lucacastelli.com\/fr\/wp-json\/wp\/v2\/product"}],"about":[{"href":"https:\/\/lucacastelli.com\/fr\/wp-json\/wp\/v2\/types\/product"}],"wp:featuredmedia":[{"embeddable":true,"href":"https:\/\/lucacastelli.com\/fr\/wp-json\/wp\/v2\/media\/440911"}],"wp:attachment":[{"href":"https:\/\/lucacastelli.com\/fr\/wp-json\/wp\/v2\/media?parent=463712"}],"wp:term":[{"taxonomy":"product_brand","embeddable":true,"href":"https:\/\/lucacastelli.com\/fr\/wp-json\/wp\/v2\/product_brand?post=463712"},{"taxonomy":"product_cat","embeddable":true,"href":"https:\/\/lucacastelli.com\/fr\/wp-json\/wp\/v2\/product_cat?post=463712"},{"taxonomy":"product_tag","embeddable":true,"href":"https:\/\/lucacastelli.com\/fr\/wp-json\/wp\/v2\/product_tag?post=463712"}],"curies":[{"name":"wp","href":"https:\/\/api.w.org\/{rel}","templated":true}]}}