{"id":463707,"date":"2025-06-01T06:41:09","date_gmt":"2025-06-01T04:41:09","guid":{"rendered":"https:\/\/lucacastelli.com\/prodotto\/scie-a-onglet-2\/"},"modified":"2025-08-14T12:51:15","modified_gmt":"2025-08-14T10:51:15","slug":"scie-a-onglet-2","status":"publish","type":"product","link":"https:\/\/lucacastelli.com\/fr\/produit\/scie-a-onglet-2\/","title":{"rendered":"Milwaukee Tron\u00e7onneuses"},"content":{"rendered":"<p>La premi\u00e8re tron\u00e7onneuse sans fil 18V au monde avec une lame de 230 mm qui offre la puissance n\u00e9cessaire pour couper le b\u00e9ton avec la flexibilit\u00e9 de la plateforme M18 sans fil, tout en \u00e9tant 50 % plus l\u00e9g\u00e8re que les outils similaires \u00e0 essence.&lt;br&gt;  D\u00e9marre imm\u00e9diatement, \u00e9limine le besoin de m\u00e9langer les carburants et ne n\u00e9cessite aucun entretien du moteur.&lt;br&gt;  Pas d&#8217;\u00e9missions, id\u00e9al pour travailler dans les espaces clos&lt;br&gt;  Syst\u00e8me de freinage de la lame RAPIDSTOP\u2122, indicateur de surcharge, cat\u00e9gorie de vibration la plus basse 1,81 m\/s\u00b2.&lt;br&gt;  Profondeur de coupe 85 mm pour les meilleures performances de sa cat\u00e9gorie.&lt;br&gt;  Convient \u00e0 la coupe humide gr\u00e2ce \u00e0 l&#8217;alimentation bilat\u00e9rale en eau.&lt;br&gt;  Syst\u00e8me HIGH OUTPUT\u2122, \u00e9l\u00e8ve les performances et la port\u00e9e de la technologie M18 FUEL.&lt;br&gt;  Le syst\u00e8me de suivi et de s\u00e9curit\u00e9 ONE-KEY\u2122 offre gratuitement un suivi et une gestion des stocks bas\u00e9s sur le cloud, y compris une fonctionnalit\u00e9 de verrouillage \u00e0 distance&lt;br&gt;  Compatible avec la pompe du pulv\u00e9risateur M18 SWITCH TANK\u2122.&lt;br&gt;  Fonctionne avec toutes les batteries Milwaukee M18.<\/p>\n<p>BARCODE : 4058546295950<\/p>\n<p>Caract\u00e9ristiques techniques<br \/>\n230<\/p>\n<p>Fourni sans piles, fourni sans chargeur, fourni sans kitbox ou sac, DUH 230 mm lame diamant\u00e9e (4932399542)<\/p>\n","protected":false},"excerpt":{"rendered":"<p>La premi\u00e8re tron\u00e7onneuse sans fil 18V au monde avec une lame de 230 mm qui offre la puissance n\u00e9cessaire pour<\/p>\n","protected":false},"featured_media":434907,"template":"","meta":{"_seopress_robots_primary_cat":"","_seopress_titles_title":"","_seopress_titles_desc":"","_seopress_robots_index":""},"product_brand":[3658],"product_cat":[167,1689,1686],"product_tag":[3273],"class_list":{"0":"post-463707","1":"product","2":"type-product","3":"status-publish","4":"has-post-thumbnail","6":"product_brand-milwaukee-fr","7":"product_cat-machines","8":"product_cat-coupe-bordures-et-elagueurs","9":"product_cat-tronconneuses-fr","10":"product_tag-import-milwau-fr","11":"sws-gruppo-macchinari-fr","12":"sws-conto-ricavi-merci-rivendita-macchinari-fr","13":"sws-gruppo-iva-iva81-fr","15":"first","16":"instock","17":"sale","18":"purchasable","19":"product-type-simple"},"_links":{"self":[{"href":"https:\/\/lucacastelli.com\/fr\/wp-json\/wp\/v2\/product\/463707","targetHints":{"allow":["GET"]}}],"collection":[{"href":"https:\/\/lucacastelli.com\/fr\/wp-json\/wp\/v2\/product"}],"about":[{"href":"https:\/\/lucacastelli.com\/fr\/wp-json\/wp\/v2\/types\/product"}],"wp:featuredmedia":[{"embeddable":true,"href":"https:\/\/lucacastelli.com\/fr\/wp-json\/wp\/v2\/media\/434907"}],"wp:attachment":[{"href":"https:\/\/lucacastelli.com\/fr\/wp-json\/wp\/v2\/media?parent=463707"}],"wp:term":[{"taxonomy":"product_brand","embeddable":true,"href":"https:\/\/lucacastelli.com\/fr\/wp-json\/wp\/v2\/product_brand?post=463707"},{"taxonomy":"product_cat","embeddable":true,"href":"https:\/\/lucacastelli.com\/fr\/wp-json\/wp\/v2\/product_cat?post=463707"},{"taxonomy":"product_tag","embeddable":true,"href":"https:\/\/lucacastelli.com\/fr\/wp-json\/wp\/v2\/product_tag?post=463707"}],"curies":[{"name":"wp","href":"https:\/\/api.w.org\/{rel}","templated":true}]}}