{"id":463699,"date":"2025-06-01T06:38:41","date_gmt":"2025-06-01T04:38:41","guid":{"rendered":"https:\/\/lucacastelli.com\/prodotto\/ensemble-de-machines-4\/"},"modified":"2026-04-17T10:53:23","modified_gmt":"2026-04-17T08:53:23","slug":"ensemble-de-machines-4","status":"publish","type":"product","link":"https:\/\/lucacastelli.com\/fr\/produit\/ensemble-de-machines-4\/","title":{"rendered":"Set de machines MILWAUKEE"},"content":{"rendered":"<p>Les batteries MX FUEL\u2122 REDLITHIUM\u2122 exploitent la technologie lithium-ion la plus performante et de la plus haute qualit\u00e9, issue d\u2019une collaboration \u00e9troite avec des leaders de la production de cellules. Milwaukee\u00ae garantit des performances et une durabilit\u00e9 optimales pour les applications les plus exigeantes gr\u00e2ce \u00e0 des tests internes continus et rigoureux. &lt;br&gt; Le pack batterie extr\u00eamement compact et facile \u00e0 transporter fournit la m\u00eame puissance que l&#8217;alimentation filaire, permettant des applications dans des environnements difficiles d&#8217;acc\u00e8s avec des g\u00e9n\u00e9rateurs ou \u00e9loign\u00e9s de sources \u00e9lectriques&lt;br&gt; Les batteries MX FUEL\u2122 REDLITHIUM\u2122 sont con\u00e7ues avec un design unique et brevet\u00e9 qui les prot\u00e8ge contre les chutes accidentelles, les vibrations, l&#8217;eau et les temp\u00e9ratures extr\u00eames&lt;br&gt; Fonctionne jusqu&#8217;\u00e0 des temp\u00e9ratures de -28,0 \u00b0C&lt;br&gt; Communication constante entre l&#8217;outil et la batterie pour fournir l&#8217;\u00e9nergie maximale n\u00e9cessaire \u00e0 l&#8217;application, \u00e9vitant les contraintes potentiellement dommageables pour l&#8217;\u00e9quipement&lt;br&gt; Adapt\u00e9 \u00e0 l&#8217;utilisation dans des environnements \u00e9troits ou avec un espace d&#8217;action r\u00e9duit&lt;br&gt; Nouvelle perspective, au-del\u00e0 de l&#8217;\u00e9quipement classique filaire ou \u00e0 essence&lt;br&gt; Le syst\u00e8me ONE-KEY\u2122 Tracking &amp; Security offre gratuitement un service de tra\u00e7age et de gestion d&#8217;inventaire bas\u00e9 sur le cloud, disposant \u00e9galement de fonctionnalit\u00e9s de verrouillage \u00e0 distance<\/p>\n<p>CODE-BARRES : 4058546369569<\/p>\n<p>Donn\u00e9es techniques<br \/>\nAucun sac ni box fourni<\/p>\n","protected":false},"excerpt":{"rendered":"<p>Les batteries MX FUEL\u2122 REDLITHIUM\u2122 exploitent la technologie lithium-ion la plus performante et de la plus haute qualit\u00e9, issue d\u2019une<\/p>\n","protected":false},"featured_media":433717,"template":"","meta":{"_seopress_robots_primary_cat":"","_seopress_titles_title":"","_seopress_titles_desc":"","_seopress_robots_index":""},"product_brand":[3407],"product_cat":[29,491],"product_tag":[3270],"class_list":{"0":"post-463699","1":"product","2":"type-product","3":"status-publish","4":"has-post-thumbnail","6":"product_brand-milwaukee","7":"product_cat-macchinari","8":"product_cat-accessori-sistemi-a-batteria","9":"product_tag-import-milwau","10":"sws-gruppo-macchinari-fr","11":"sws-conto-ricavi-merci-rivendita-macchinari-fr","12":"sws-gruppo-iva-iva81-fr","14":"first","15":"instock","16":"sale","17":"purchasable","18":"product-type-simple"},"_links":{"self":[{"href":"https:\/\/lucacastelli.com\/fr\/wp-json\/wp\/v2\/product\/463699","targetHints":{"allow":["GET"]}}],"collection":[{"href":"https:\/\/lucacastelli.com\/fr\/wp-json\/wp\/v2\/product"}],"about":[{"href":"https:\/\/lucacastelli.com\/fr\/wp-json\/wp\/v2\/types\/product"}],"wp:featuredmedia":[{"embeddable":true,"href":"https:\/\/lucacastelli.com\/fr\/wp-json\/wp\/v2\/media\/433717"}],"wp:attachment":[{"href":"https:\/\/lucacastelli.com\/fr\/wp-json\/wp\/v2\/media?parent=463699"}],"wp:term":[{"taxonomy":"product_brand","embeddable":true,"href":"https:\/\/lucacastelli.com\/fr\/wp-json\/wp\/v2\/product_brand?post=463699"},{"taxonomy":"product_cat","embeddable":true,"href":"https:\/\/lucacastelli.com\/fr\/wp-json\/wp\/v2\/product_cat?post=463699"},{"taxonomy":"product_tag","embeddable":true,"href":"https:\/\/lucacastelli.com\/fr\/wp-json\/wp\/v2\/product_tag?post=463699"}],"curies":[{"name":"wp","href":"https:\/\/api.w.org\/{rel}","templated":true}]}}