{"id":463695,"date":"2025-06-01T06:44:09","date_gmt":"2025-06-01T04:44:09","guid":{"rendered":"https:\/\/lucacastelli.com\/prodotto\/chargeur-a-bande\/"},"modified":"2025-06-29T08:03:27","modified_gmt":"2025-06-29T06:03:27","slug":"chargeur-a-bande","status":"publish","type":"product","link":"https:\/\/lucacastelli.com\/fr\/produit\/chargeur-a-bande\/","title":{"rendered":"MILWAUKEE Chargeur \u00e0 courroie"},"content":{"rendered":"<p>La fixation du chargeur permet de le retirer facilement lorsque les embouts sont chang\u00e9s ou qu\u2019un tournevis \u00e0 cloison s\u00e8che sans CA55 est utilis\u00e9&lt;Br&gt;  Param\u00e8tres de profondeur pr\u00e9d\u00e9finis pour les tailles de vis les plus courantes&lt;Br&gt;  R\u00e9glage sans outil pour un contr\u00f4le pr\u00e9cis des niveaux d\u2019\u00e9vasement&lt;Br&gt;  L\u2019attelage rotatif vous donne acc\u00e8s \u00e0 8 positions lorsque vous travaillez dans des espaces restreints&lt;Br&gt;  Compatible avec Milwaukee\u00ae M18 FSG&lt;Br&gt;  Convient aux tailles de vis comprises entre 25 mm et 55 mm<\/p>\n<p>CODE BARRE : 4002395289974<\/p>\n<p>Caract\u00e9ristiques techniques<\/p>\n","protected":false},"excerpt":{"rendered":"<p>La fixation du chargeur permet de le retirer facilement lorsque les embouts sont chang\u00e9s ou qu\u2019un tournevis \u00e0 cloison s\u00e8che<\/p>\n","protected":false},"featured_media":441042,"template":"","meta":{"_seopress_robots_primary_cat":"","_seopress_titles_title":"","_seopress_titles_desc":"","_seopress_robots_index":""},"product_brand":[3658],"product_cat":[167,1453],"product_tag":[3273],"class_list":{"0":"post-463695","1":"product","2":"type-product","3":"status-publish","4":"has-post-thumbnail","6":"product_brand-milwaukee-fr","7":"product_cat-machines","8":"product_cat-autres-appareils","9":"product_tag-import-milwau-fr","10":"sws-gruppo-macchinari-fr","11":"sws-conto-ricavi-merci-rivendita-macchinari-fr","12":"sws-gruppo-iva-iva81-fr","14":"first","15":"instock","16":"sale","17":"purchasable","18":"product-type-simple"},"_links":{"self":[{"href":"https:\/\/lucacastelli.com\/fr\/wp-json\/wp\/v2\/product\/463695","targetHints":{"allow":["GET"]}}],"collection":[{"href":"https:\/\/lucacastelli.com\/fr\/wp-json\/wp\/v2\/product"}],"about":[{"href":"https:\/\/lucacastelli.com\/fr\/wp-json\/wp\/v2\/types\/product"}],"wp:featuredmedia":[{"embeddable":true,"href":"https:\/\/lucacastelli.com\/fr\/wp-json\/wp\/v2\/media\/441042"}],"wp:attachment":[{"href":"https:\/\/lucacastelli.com\/fr\/wp-json\/wp\/v2\/media?parent=463695"}],"wp:term":[{"taxonomy":"product_brand","embeddable":true,"href":"https:\/\/lucacastelli.com\/fr\/wp-json\/wp\/v2\/product_brand?post=463695"},{"taxonomy":"product_cat","embeddable":true,"href":"https:\/\/lucacastelli.com\/fr\/wp-json\/wp\/v2\/product_cat?post=463695"},{"taxonomy":"product_tag","embeddable":true,"href":"https:\/\/lucacastelli.com\/fr\/wp-json\/wp\/v2\/product_tag?post=463695"}],"curies":[{"name":"wp","href":"https:\/\/api.w.org\/{rel}","templated":true}]}}