{"id":463692,"date":"2025-06-01T06:47:33","date_gmt":"2025-06-01T04:47:33","guid":{"rendered":"https:\/\/lucacastelli.com\/prodotto\/pistolet-a-boulon\/"},"modified":"2025-06-29T08:03:25","modified_gmt":"2025-06-29T06:03:25","slug":"pistolet-a-boulon","status":"publish","type":"product","link":"https:\/\/lucacastelli.com\/fr\/produit\/pistolet-a-boulon\/","title":{"rendered":"MILWAUKEE Pistolet \u00e0 boulon"},"content":{"rendered":"<p>Le pistolet \u00e0 boulon de verrouillage ZollLockbolt M18 FUEL\u2122 avec ONE-KEY\u2122 permet une installation rapide et facile tout en assurant durabilit\u00e9 et durabilit\u00e9&lt;Br&gt;  Une force de 20 000 N appliqu\u00e9e \u00e0 un tirant d\u2019eau de 30 mm garantit les performances n\u00e9cessaires pour r\u00e9aliser sans effort les applications les plus difficiles&lt;Br&gt;  Installez jusqu\u2019\u00e0 1200 boulons en aluminium ZollLockbolt de 6,4 mm avec une batterie M5.0 de 18 Ah\u2122&lt;Br&gt;  Augmentez la productivit\u00e9 en verrouillant les p\u00eanes beaucoup plus rapidement&lt;Br&gt;  Installez les boulons de verrouillage ZollLockboltZoll HUCK\u00ae 4,8 mm et 6,4 mm, y compris les mod\u00e8les Bobtail\u00ae Magna-Grip\u00ae, C6L\u00ae, C120L\u00ae et Hucktainer\u00ae. Les buses et les adaptateurs HUCK\u00ae sont vendus s\u00e9par\u00e9ment. Si vous installez le boulon de type Hucktainers\u00ae, une buse suppl\u00e9mentaire est n\u00e9cessaire. HUCK\u00ae est une marque de commerce de Huck International Inc. et Howmet Aerospace Inc&lt;. br&gt; Le syst\u00e8me de suivi et de s\u00e9curit\u00e9 ONE-KEY\u2122 offre un service gratuit de suivi et de gestion des stocks bas\u00e9 sur le cloud, tout en ayant des capacit\u00e9s de verrouillage \u00e0 distance&lt;br&gt; La technologie FUEL\u2122 red\u00e9finit les outils \u00e9lectriques sans fil.     Le moteur sans balais, l\u2019\u00e9lectronique REDLINK PLUS\u2122 et la batterie REDLITHIUM\u2122 offrent des performances et une durabilit\u00e9 sup\u00e9rieures&lt;br&gt; Fonctionne avec toutes les batteries MILWAUKEE\u00ae M18\u2122<\/p>\n<p>CODE BARRE : 4058546348304<\/p>\n<p>Caract\u00e9ristiques techniques<br \/>\n27.3<\/p>\n<p>Livr\u00e9 sans piles, livr\u00e9 sans chargeur, valise HeavyDuty<\/p>\n","protected":false},"excerpt":{"rendered":"<p>Le pistolet \u00e0 boulon de verrouillage ZollLockbolt M18 FUEL\u2122 avec ONE-KEY\u2122 permet une installation rapide et facile tout en assurant<\/p>\n","protected":false},"featured_media":441080,"template":"","meta":{"_seopress_robots_primary_cat":"","_seopress_titles_title":"","_seopress_titles_desc":"","_seopress_robots_index":""},"product_brand":[3658],"product_cat":[167,1453],"product_tag":[3273],"class_list":{"0":"post-463692","1":"product","2":"type-product","3":"status-publish","4":"has-post-thumbnail","6":"product_brand-milwaukee-fr","7":"product_cat-machines","8":"product_cat-autres-appareils","9":"product_tag-import-milwau-fr","10":"sws-gruppo-macchinari-fr","11":"sws-conto-ricavi-merci-rivendita-macchinari-fr","12":"sws-gruppo-iva-iva81-fr","14":"first","15":"instock","16":"sale","17":"purchasable","18":"product-type-simple"},"_links":{"self":[{"href":"https:\/\/lucacastelli.com\/fr\/wp-json\/wp\/v2\/product\/463692","targetHints":{"allow":["GET"]}}],"collection":[{"href":"https:\/\/lucacastelli.com\/fr\/wp-json\/wp\/v2\/product"}],"about":[{"href":"https:\/\/lucacastelli.com\/fr\/wp-json\/wp\/v2\/types\/product"}],"wp:featuredmedia":[{"embeddable":true,"href":"https:\/\/lucacastelli.com\/fr\/wp-json\/wp\/v2\/media\/441080"}],"wp:attachment":[{"href":"https:\/\/lucacastelli.com\/fr\/wp-json\/wp\/v2\/media?parent=463692"}],"wp:term":[{"taxonomy":"product_brand","embeddable":true,"href":"https:\/\/lucacastelli.com\/fr\/wp-json\/wp\/v2\/product_brand?post=463692"},{"taxonomy":"product_cat","embeddable":true,"href":"https:\/\/lucacastelli.com\/fr\/wp-json\/wp\/v2\/product_cat?post=463692"},{"taxonomy":"product_tag","embeddable":true,"href":"https:\/\/lucacastelli.com\/fr\/wp-json\/wp\/v2\/product_tag?post=463692"}],"curies":[{"name":"wp","href":"https:\/\/api.w.org\/{rel}","templated":true}]}}