{"id":463684,"date":"2025-06-01T06:43:42","date_gmt":"2025-06-01T04:43:42","guid":{"rendered":"https:\/\/lucacastelli.com\/prodotto\/cle-a-chocs-35\/"},"modified":"2025-06-29T08:04:14","modified_gmt":"2025-06-29T06:04:14","slug":"cle-a-chocs-35","status":"publish","type":"product","link":"https:\/\/lucacastelli.com\/fr\/produit\/cle-a-chocs-35\/","title":{"rendered":"Cl\u00e9 \u00e0 chocs MILWAUKEE"},"content":{"rendered":"<p>Enregistrez jusqu\u2019\u00e0 4 param\u00e8tres en m\u00e9moire&lt;Br&gt;  Connexion Bluetooth\u00ae avec l\u2019application ONE-KEY\u2122&lt;Br&gt;  Encore plus rapide que la version pr\u00e9c\u00e9dente : jusqu\u2019\u00e0 3900 tours par minute et 4400 coups par minute&lt;Br&gt;  Extr\u00eamement compact, seulement 113 mm&lt;Br&gt;  R\u00e9glage de la g\u00e2chette gr\u00e2ce \u00e0 l\u2019application ONE-KEY\u2122&lt;Br&gt;  Vous pouvez modifier et enregistrer les param\u00e8tres pour les applications r\u00e9p\u00e9t\u00e9es&lt;Br&gt;  R\u00e9glage de la vitesse, mode de pr\u00e9cision (pour permettre l\u2019utilisation de couples constants dans des applications r\u00e9p\u00e9t\u00e9es), possibilit\u00e9 de r\u00e9gler des vis autotaraudeuses Zoll optimis\u00e9es pour la fixation m\u00e9tal sur m\u00e9tal, r\u00e9glage lumineux de l\u2019intensit\u00e9 des LED&lt;Br&gt;  Crochet de ceinture en m\u00e9tal<\/p>\n<p>CODE BARRE : 4058546476717<\/p>\n<p>Caract\u00e9ristiques techniques<br \/>\n1\/4<\/p>\n<p>livr\u00e9 sans piles, livr\u00e9 sans chargeur, valise HeavyDuty, crochet de ceinture et porte-embouts<\/p>\n","protected":false},"excerpt":{"rendered":"<p>Enregistrez jusqu\u2019\u00e0 4 param\u00e8tres en m\u00e9moire&lt;Br&gt; Connexion Bluetooth\u00ae avec l\u2019application ONE-KEY\u2122&lt;Br&gt; Encore plus rapide que la version pr\u00e9c\u00e9dente : jusqu\u2019\u00e0<\/p>\n","protected":false},"featured_media":743742,"template":"","meta":{"_seopress_robots_primary_cat":"","_seopress_titles_title":"","_seopress_titles_desc":"","_seopress_robots_index":""},"product_brand":[3658],"product_cat":[167,1453,1552],"product_tag":[6838],"class_list":{"0":"post-463684","1":"product","2":"type-product","3":"status-publish","4":"has-post-thumbnail","6":"product_brand-milwaukee-fr","7":"product_cat-machines","8":"product_cat-autres-appareils","9":"product_cat-perceuses-et-tournevis","10":"product_tag-imp-26-mw_new","11":"sws-gruppo-macchinari-fr","12":"sws-conto-ricavi-merci-rivendita-macchinari-fr","13":"sws-gruppo-iva-iva81-fr","15":"first","16":"instock","17":"sale","18":"purchasable","19":"product-type-simple"},"_links":{"self":[{"href":"https:\/\/lucacastelli.com\/fr\/wp-json\/wp\/v2\/product\/463684","targetHints":{"allow":["GET"]}}],"collection":[{"href":"https:\/\/lucacastelli.com\/fr\/wp-json\/wp\/v2\/product"}],"about":[{"href":"https:\/\/lucacastelli.com\/fr\/wp-json\/wp\/v2\/types\/product"}],"wp:featuredmedia":[{"embeddable":true,"href":"https:\/\/lucacastelli.com\/fr\/wp-json\/wp\/v2\/media\/743742"}],"wp:attachment":[{"href":"https:\/\/lucacastelli.com\/fr\/wp-json\/wp\/v2\/media?parent=463684"}],"wp:term":[{"taxonomy":"product_brand","embeddable":true,"href":"https:\/\/lucacastelli.com\/fr\/wp-json\/wp\/v2\/product_brand?post=463684"},{"taxonomy":"product_cat","embeddable":true,"href":"https:\/\/lucacastelli.com\/fr\/wp-json\/wp\/v2\/product_cat?post=463684"},{"taxonomy":"product_tag","embeddable":true,"href":"https:\/\/lucacastelli.com\/fr\/wp-json\/wp\/v2\/product_tag?post=463684"}],"curies":[{"name":"wp","href":"https:\/\/api.w.org\/{rel}","templated":true}]}}