{"id":463681,"date":"2025-06-01T06:43:19","date_gmt":"2025-06-01T04:43:19","guid":{"rendered":"https:\/\/lucacastelli.com\/prodotto\/perceuse-a-percussion-12\/"},"modified":"2025-06-29T08:04:11","modified_gmt":"2025-06-29T06:04:11","slug":"perceuse-a-percussion-12","status":"publish","type":"product","link":"https:\/\/lucacastelli.com\/fr\/produit\/perceuse-a-percussion-12\/","title":{"rendered":"MILWAUKEE Perceuse \u00e0 percussion"},"content":{"rendered":"<p>158 Nm de couple&lt;Br&gt;  Seulement 175 mm de long. Permet d\u2019acc\u00e9der m\u00eame aux espaces les plus restreints&lt;Br&gt;  Connexion Bluetooth\u00ae avec l\u2019application ONE-KEY\u2122&lt;Br&gt;  Enregistrez jusqu\u2019\u00e0 3 param\u00e8tres en m\u00e9moire&lt;Br&gt;  Le syst\u00e8me de suivi et de s\u00e9curit\u00e9 ONE-KEY\u2122 offre un service de suivi et de gestion des stocks bas\u00e9 sur le cloud gratuitement, tout en ayant des capacit\u00e9s de blocage \u00e0 distance&lt;Br&gt;  R\u00e9glage de la g\u00e2chette gr\u00e2ce \u00e0 l\u2019application ONE-KEY\u2122&lt;Br&gt;  Vous pouvez modifier et enregistrer les param\u00e8tres pour les applications r\u00e9p\u00e9t\u00e9es&lt;Br&gt;  Contr\u00f4le de la vitesse, contr\u00f4le AUTOSTOP\u2122, indication de la vitesse optimale pour le type de mat\u00e9riau et l\u2019application, contr\u00f4le de la luminosit\u00e9&lt;Br&gt;  Crochet de ceinture en m\u00e9tal&lt;Br&gt;  Fonctionne avec toutes les batteries MILWAUKEE\u00ae M18\u2122<\/p>\n<p>CODE BARRE : 4058546476694<\/p>\n<p>Caract\u00e9ristiques techniques<br \/>\n158<\/p>\n<p>livr\u00e9 sans piles, livr\u00e9 sans chargeur, mallette de transport HeavyDuty, crochet de ceinture, poign\u00e9e lat\u00e9rale<\/p>\n","protected":false},"excerpt":{"rendered":"<p>158 Nm de couple&lt;Br&gt; Seulement 175 mm de long. Permet d\u2019acc\u00e9der m\u00eame aux espaces les plus restreints&lt;Br&gt; Connexion Bluetooth\u00ae avec<\/p>\n","protected":false},"featured_media":435055,"template":"","meta":{"_seopress_robots_primary_cat":"","_seopress_titles_title":"","_seopress_titles_desc":"","_seopress_robots_index":""},"product_brand":[3658],"product_cat":[167,1453,1552],"product_tag":[3273],"class_list":{"0":"post-463681","1":"product","2":"type-product","3":"status-publish","4":"has-post-thumbnail","6":"product_brand-milwaukee-fr","7":"product_cat-machines","8":"product_cat-autres-appareils","9":"product_cat-perceuses-et-tournevis","10":"product_tag-import-milwau-fr","11":"sws-gruppo-macchinari-fr","12":"sws-conto-ricavi-merci-rivendita-macchinari-fr","13":"sws-gruppo-iva-iva81-fr","15":"first","16":"instock","17":"sale","18":"purchasable","19":"product-type-simple"},"_links":{"self":[{"href":"https:\/\/lucacastelli.com\/fr\/wp-json\/wp\/v2\/product\/463681","targetHints":{"allow":["GET"]}}],"collection":[{"href":"https:\/\/lucacastelli.com\/fr\/wp-json\/wp\/v2\/product"}],"about":[{"href":"https:\/\/lucacastelli.com\/fr\/wp-json\/wp\/v2\/types\/product"}],"wp:featuredmedia":[{"embeddable":true,"href":"https:\/\/lucacastelli.com\/fr\/wp-json\/wp\/v2\/media\/435055"}],"wp:attachment":[{"href":"https:\/\/lucacastelli.com\/fr\/wp-json\/wp\/v2\/media?parent=463681"}],"wp:term":[{"taxonomy":"product_brand","embeddable":true,"href":"https:\/\/lucacastelli.com\/fr\/wp-json\/wp\/v2\/product_brand?post=463681"},{"taxonomy":"product_cat","embeddable":true,"href":"https:\/\/lucacastelli.com\/fr\/wp-json\/wp\/v2\/product_cat?post=463681"},{"taxonomy":"product_tag","embeddable":true,"href":"https:\/\/lucacastelli.com\/fr\/wp-json\/wp\/v2\/product_tag?post=463681"}],"curies":[{"name":"wp","href":"https:\/\/api.w.org\/{rel}","templated":true}]}}