{"id":463677,"date":"2025-06-01T06:58:25","date_gmt":"2025-06-01T04:58:25","guid":{"rendered":"https:\/\/lucacastelli.com\/prodotto\/scie-circulaire-a-metal\/"},"modified":"2025-06-29T08:02:49","modified_gmt":"2025-06-29T06:02:49","slug":"scie-circulaire-a-metal","status":"publish","type":"product","link":"https:\/\/lucacastelli.com\/fr\/produit\/scie-circulaire-a-metal\/","title":{"rendered":"MILWAUKEE Scie circulaire \u00e0 m\u00e9tal"},"content":{"rendered":"<p>La premi\u00e8re scie circulaire m\u00e9tallique sans fil 18V avec une profondeur de coupe de 66 mm capable de fournir une puissance de coupe de 1800 W&lt;Br&gt;  Vitesse de coupe sup\u00e9rieure \u00e0 celle des outils filaires&lt;Br&gt;  Base compatible avec les rails\u00ae MILWAUKEE (vendus s\u00e9par\u00e9ment) pour des coupes rapides et pr\u00e9cises&lt;Br&gt;  Voyant de pression&lt;Br&gt;  Syst\u00e8me \u00e9lectrique capable de freiner la lame en moins d&#8217;1 seconde&lt;Br&gt;  Collecteur de d\u00e9bris m\u00e9talliques pour une visibilit\u00e9 optimale&lt;Br&gt;  La d\u00e9coupe \u00e0 froid r\u00e9duit les \u00e9tincelles et garantit des applications rapides et pr\u00e9cises&lt;Br&gt;  Interrupteur de s\u00e9curit\u00e9 contre le d\u00e9marrage accidentel&lt;Br&gt;  R\u00e9glage de la profondeur de coupe sans outil et levier de coupe plongeante&lt;Br&gt;  Changement rapide de la lame et syst\u00e8me d\u2019\u00e9limination des d\u00e9bris&lt;Br&gt;  La technologie FUEL\u2122 red\u00e9finit les outils \u00e9lectriques sans fil. Le moteur sans balais, l\u2019\u00e9lectronique REDLINK PLUS\u2122 et la batterie REDLITHIUM\u2122 offrent des performances et une durabilit\u00e9 sup\u00e9rieures&lt;br&gt; Fonctionne avec toutes les batteries MILWAUKEE\u00ae M18\u2122 <\/p>\n<p>CODE BARRES : 4058546325060<\/p>\n<p>Caract\u00e9ristiques techniques<br \/>\n15.87<\/p>\n<p>Livr\u00e9 sans piles, livr\u00e9 sans chargeur, mallette de transport, lame de coupe de 203 mm et cl\u00e9 Allen<\/p>\n","protected":false},"excerpt":{"rendered":"<p>La premi\u00e8re scie circulaire m\u00e9tallique sans fil 18V avec une profondeur de coupe de 66 mm capable de fournir une<\/p>\n","protected":false},"featured_media":441279,"template":"","meta":{"_seopress_robots_primary_cat":"","_seopress_titles_title":"","_seopress_titles_desc":"","_seopress_robots_index":""},"product_brand":[3658],"product_cat":[1453,167],"product_tag":[3273],"class_list":{"0":"post-463677","1":"product","2":"type-product","3":"status-publish","4":"has-post-thumbnail","6":"product_brand-milwaukee-fr","7":"product_cat-autres-appareils","8":"product_cat-machines","9":"product_tag-import-milwau-fr","10":"sws-gruppo-macchinari-fr","11":"sws-conto-ricavi-merci-rivendita-macchinari-fr","12":"sws-gruppo-iva-iva81-fr","14":"first","15":"instock","16":"sale","17":"purchasable","18":"product-type-simple"},"_links":{"self":[{"href":"https:\/\/lucacastelli.com\/fr\/wp-json\/wp\/v2\/product\/463677","targetHints":{"allow":["GET"]}}],"collection":[{"href":"https:\/\/lucacastelli.com\/fr\/wp-json\/wp\/v2\/product"}],"about":[{"href":"https:\/\/lucacastelli.com\/fr\/wp-json\/wp\/v2\/types\/product"}],"wp:featuredmedia":[{"embeddable":true,"href":"https:\/\/lucacastelli.com\/fr\/wp-json\/wp\/v2\/media\/441279"}],"wp:attachment":[{"href":"https:\/\/lucacastelli.com\/fr\/wp-json\/wp\/v2\/media?parent=463677"}],"wp:term":[{"taxonomy":"product_brand","embeddable":true,"href":"https:\/\/lucacastelli.com\/fr\/wp-json\/wp\/v2\/product_brand?post=463677"},{"taxonomy":"product_cat","embeddable":true,"href":"https:\/\/lucacastelli.com\/fr\/wp-json\/wp\/v2\/product_cat?post=463677"},{"taxonomy":"product_tag","embeddable":true,"href":"https:\/\/lucacastelli.com\/fr\/wp-json\/wp\/v2\/product_tag?post=463677"}],"curies":[{"name":"wp","href":"https:\/\/api.w.org\/{rel}","templated":true}]}}