{"id":463674,"date":"2025-06-01T06:59:57","date_gmt":"2025-06-01T04:59:57","guid":{"rendered":"https:\/\/lucacastelli.com\/prodotto\/scie-a-ruban-6\/"},"modified":"2025-06-29T08:02:47","modified_gmt":"2025-06-29T06:02:47","slug":"scie-a-ruban-6","status":"publish","type":"product","link":"https:\/\/lucacastelli.com\/fr\/produit\/scie-a-ruban-6\/","title":{"rendered":"Scie \u00e0 ruban MILWAUKEE"},"content":{"rendered":"<p>Le moteur brushless MILWAUKEE\u00ae POWERSTATE\u2122 dure jusqu\u2019\u00e0 10 fois plus longtemps et a jusqu\u2019\u00e0 deux fois plus d\u2019autonomie que les autres solutions aliment\u00e9es par batterie&lt;Br&gt;  Le syst\u00e8me intelligent REDLINK PLUS\u2122 offre une protection num\u00e9rique avanc\u00e9e contre les surcharges pour les outils et les batteries, et am\u00e9liore consid\u00e9rablement les performances de l\u2019outil sous charge&lt;Br&gt;  La batterie REDLITHIUM\u2122 offre une construction de batterie sup\u00e9rieure, une \u00e9lectronique et des performances constantes pour offrir plus d\u2019autonomie et plus de travail pendant la dur\u00e9e de vie de la batterie&lt;Br&gt;  Grande capacit\u00e9 de coupe jusqu\u2019\u00e0 125 x 125 mm&lt;Br&gt;  5 vitesses de 0 \u00e0 116 m\/min&lt;Br&gt;  Changement de lame rapide et facile sans avoir besoin d\u2019outils auxiliaires&lt;Br&gt;  Crochet robuste pour ranger l\u2019outil&lt;Br&gt;  Compartiment moteur en m\u00e9tal pour plus de durabilit\u00e9 et lumi\u00e8re LED pour \u00e9clairer la zone de coupe&lt;Br&gt;  Fonctionne avec toutes les batteries MILWAUKEE\u00ae M18\u2122<\/p>\n<p>CODE BARRE : 4002395006038<\/p>\n<p>Caract\u00e9ristiques techniques<br \/>\nAucun sac ni box fourni<\/p>\n<p>Livr\u00e9 sans piles, livr\u00e9 sans chargeur, livr\u00e9 sans kitbox ni sac, 1 lame<\/p>\n","protected":false},"excerpt":{"rendered":"<p>Le moteur brushless MILWAUKEE\u00ae POWERSTATE\u2122 dure jusqu\u2019\u00e0 10 fois plus longtemps et a jusqu\u2019\u00e0 deux fois plus d\u2019autonomie que les<\/p>\n","protected":false},"featured_media":441312,"template":"","meta":{"_seopress_robots_primary_cat":"","_seopress_titles_title":"","_seopress_titles_desc":"","_seopress_robots_index":""},"product_brand":[3658],"product_cat":[1453,167],"product_tag":[3273],"class_list":{"0":"post-463674","1":"product","2":"type-product","3":"status-publish","4":"has-post-thumbnail","6":"product_brand-milwaukee-fr","7":"product_cat-autres-appareils","8":"product_cat-machines","9":"product_tag-import-milwau-fr","10":"sws-gruppo-macchinari-fr","11":"sws-conto-ricavi-merci-rivendita-macchinari-fr","12":"sws-gruppo-iva-iva81-fr","14":"first","15":"instock","16":"sale","17":"purchasable","18":"product-type-simple"},"_links":{"self":[{"href":"https:\/\/lucacastelli.com\/fr\/wp-json\/wp\/v2\/product\/463674","targetHints":{"allow":["GET"]}}],"collection":[{"href":"https:\/\/lucacastelli.com\/fr\/wp-json\/wp\/v2\/product"}],"about":[{"href":"https:\/\/lucacastelli.com\/fr\/wp-json\/wp\/v2\/types\/product"}],"wp:featuredmedia":[{"embeddable":true,"href":"https:\/\/lucacastelli.com\/fr\/wp-json\/wp\/v2\/media\/441312"}],"wp:attachment":[{"href":"https:\/\/lucacastelli.com\/fr\/wp-json\/wp\/v2\/media?parent=463674"}],"wp:term":[{"taxonomy":"product_brand","embeddable":true,"href":"https:\/\/lucacastelli.com\/fr\/wp-json\/wp\/v2\/product_brand?post=463674"},{"taxonomy":"product_cat","embeddable":true,"href":"https:\/\/lucacastelli.com\/fr\/wp-json\/wp\/v2\/product_cat?post=463674"},{"taxonomy":"product_tag","embeddable":true,"href":"https:\/\/lucacastelli.com\/fr\/wp-json\/wp\/v2\/product_tag?post=463674"}],"curies":[{"name":"wp","href":"https:\/\/api.w.org\/{rel}","templated":true}]}}