{"id":463672,"date":"2025-06-01T06:55:51","date_gmt":"2025-06-01T04:55:51","guid":{"rendered":"https:\/\/lucacastelli.com\/prodotto\/polisseur-6\/"},"modified":"2025-06-29T08:02:45","modified_gmt":"2025-06-29T06:02:45","slug":"polisseur-6","status":"publish","type":"product","link":"https:\/\/lucacastelli.com\/fr\/produit\/polisseur-6\/","title":{"rendered":"MILWAUKEE Polisseuse"},"content":{"rendered":"<p>Offre les m\u00eames performances que les ponceuses orbitales al\u00e9atoires \u00e0 fil&lt;Br&gt;  8 r\u00e9glages de vitesse (2 400 \u00e0 4 500 tr\/min) pour un contr\u00f4le maximal et des finitions pr\u00e9cises&lt;Br&gt;  Orbite de 21 mm pour un polissage rapide et efficace, sans hologrammes&lt;Br&gt;  Grande poign\u00e9e caoutchout\u00e9e \u00e0 l\u2019avant, pour un confort maximal surtout en cas d\u2019utilisation verticale&lt;Br&gt;  La fonction d\u2019utilisation continue assure un confort maximal et r\u00e9duit la fatigue lors d\u2019un polissage prolong\u00e9&lt;Br&gt;  Le bo\u00eetier de la batterie tourn\u00e9 \u00e0 90\u00b0 emp\u00eache tout contact possible entre l\u2019outil et le corps et permet de ranger l\u2019outil \u00e0 la fois verticalement et horizontalement&lt;Br&gt;  Fonction de verrouillage pour \u00e9viter le d\u00e9marrage accidentel de l\u2019outil&lt;Br&gt;  Bouclier anti-poussi\u00e8re amovible pour emp\u00eacher les d\u00e9bris de p\u00e9n\u00e9trer, prolongeant ainsi la dur\u00e9e de vie&lt;Br&gt;  La technologie FUEL\u2122 red\u00e9finit les outils \u00e9lectriques sans fil. Le moteur sans balais, l\u2019\u00e9lectronique REDLINK PLUS\u2122 et la batterie REDLITHIUM\u2122 offrent des performances et une durabilit\u00e9 sup\u00e9rieures&lt;br&gt; Fonctionne avec toutes les batteries MILWAUKEE\u00ae M18\u2122 <\/p>\n<p>CODE BARRE&nbsp;: 4058546361181<\/p>\n<p>Caract\u00e9ristiques techniques<br \/>\n3.3 (M18 B5)<\/p>\n<p>Livr\u00e9 sans piles, livr\u00e9 sans chargeur, valise HeavyDuty, tampon de pon\u00e7age 150 mm, pare-poussi\u00e8re<\/p>\n","protected":false},"excerpt":{"rendered":"<p>Offre les m\u00eames performances que les ponceuses orbitales al\u00e9atoires \u00e0 fil&lt;Br&gt; 8 r\u00e9glages de vitesse (2 400 \u00e0 4 500<\/p>\n","protected":false},"featured_media":441242,"template":"","meta":{"_seopress_robots_primary_cat":"","_seopress_titles_title":"","_seopress_titles_desc":"","_seopress_robots_index":""},"product_brand":[3658],"product_cat":[167,1453],"product_tag":[3273],"class_list":{"0":"post-463672","1":"product","2":"type-product","3":"status-publish","4":"has-post-thumbnail","6":"product_brand-milwaukee-fr","7":"product_cat-machines","8":"product_cat-autres-appareils","9":"product_tag-import-milwau-fr","10":"sws-gruppo-macchinari-fr","11":"sws-conto-ricavi-merci-rivendita-macchinari-fr","12":"sws-gruppo-iva-iva81-fr","14":"first","15":"instock","16":"sale","17":"purchasable","18":"product-type-simple"},"_links":{"self":[{"href":"https:\/\/lucacastelli.com\/fr\/wp-json\/wp\/v2\/product\/463672","targetHints":{"allow":["GET"]}}],"collection":[{"href":"https:\/\/lucacastelli.com\/fr\/wp-json\/wp\/v2\/product"}],"about":[{"href":"https:\/\/lucacastelli.com\/fr\/wp-json\/wp\/v2\/types\/product"}],"wp:featuredmedia":[{"embeddable":true,"href":"https:\/\/lucacastelli.com\/fr\/wp-json\/wp\/v2\/media\/441242"}],"wp:attachment":[{"href":"https:\/\/lucacastelli.com\/fr\/wp-json\/wp\/v2\/media?parent=463672"}],"wp:term":[{"taxonomy":"product_brand","embeddable":true,"href":"https:\/\/lucacastelli.com\/fr\/wp-json\/wp\/v2\/product_brand?post=463672"},{"taxonomy":"product_cat","embeddable":true,"href":"https:\/\/lucacastelli.com\/fr\/wp-json\/wp\/v2\/product_cat?post=463672"},{"taxonomy":"product_tag","embeddable":true,"href":"https:\/\/lucacastelli.com\/fr\/wp-json\/wp\/v2\/product_tag?post=463672"}],"curies":[{"name":"wp","href":"https:\/\/api.w.org\/{rel}","templated":true}]}}