{"id":463664,"date":"2025-06-01T06:50:23","date_gmt":"2025-06-01T04:50:23","guid":{"rendered":"https:\/\/lucacastelli.com\/prodotto\/pistolet-pour-connecteurs-a-vis\/"},"modified":"2025-06-29T08:03:35","modified_gmt":"2025-06-29T06:03:35","slug":"pistolet-pour-connecteurs-a-vis","status":"publish","type":"product","link":"https:\/\/lucacastelli.com\/fr\/produit\/pistolet-pour-connecteurs-a-vis\/","title":{"rendered":"MILWAUKEE Pistolet \u00e0 connecteur \u00e0 vis"},"content":{"rendered":"<p>Peut \u00eatre utilis\u00e9 pour des c\u00e2bles jusqu\u2019\u00e0 1000 mm\u00b2 ou des connecteurs d\u2019un diam\u00e8tre de 78 mm&lt;Br&gt;  Couple maximal de 100 Nm&lt;Br&gt;  Compatible avec la plupart des boulons de cisaillement du march\u00e9 gr\u00e2ce \u00e0 deux adaptateurs et aux douilles incluses dans l\u2019emballage&lt;Br&gt;  Meilleure connexion et r\u00e9duction du risque de rupture des vis gr\u00e2ce \u00e0 un serrage constant sans utilisation de m\u00e9canismes d\u2019impact&lt;Br&gt;  Les r\u00e9glages se font sans outils&lt;Br&gt;  Diff\u00e9rents adaptateurs et prises sont inclus&lt;Br&gt;  Avec une batterie M18\u2122 de 2,0 Ah, il peut retirer jusqu\u2019\u00e0 80 vis de casse&lt;Br&gt;  Vitesse constante de 60 tours par minute<\/p>\n<p>CODE BARRE : 4058546481599<\/p>\n<p>Caract\u00e9ristiques techniques<br \/>\n100<\/p>\n<p>livr\u00e9 sans piles, livr\u00e9 sans chargeur, valise HeavyDuty<\/p>\n","protected":false},"excerpt":{"rendered":"<p>Peut \u00eatre utilis\u00e9 pour des c\u00e2bles jusqu\u2019\u00e0 1000 mm\u00b2 ou des connecteurs d\u2019un diam\u00e8tre de 78 mm&lt;Br&gt; Couple maximal de<\/p>\n","protected":false},"featured_media":441138,"template":"","meta":{"_seopress_robots_primary_cat":"","_seopress_titles_title":"","_seopress_titles_desc":"","_seopress_robots_index":""},"product_brand":[3658],"product_cat":[1453,167],"product_tag":[3273],"class_list":{"0":"post-463664","1":"product","2":"type-product","3":"status-publish","4":"has-post-thumbnail","6":"product_brand-milwaukee-fr","7":"product_cat-autres-appareils","8":"product_cat-machines","9":"product_tag-import-milwau-fr","10":"sws-gruppo-macchinari-fr","11":"sws-conto-ricavi-merci-rivendita-macchinari-fr","12":"sws-gruppo-iva-iva81-fr","14":"first","15":"instock","16":"sale","17":"purchasable","18":"product-type-simple"},"_links":{"self":[{"href":"https:\/\/lucacastelli.com\/fr\/wp-json\/wp\/v2\/product\/463664","targetHints":{"allow":["GET"]}}],"collection":[{"href":"https:\/\/lucacastelli.com\/fr\/wp-json\/wp\/v2\/product"}],"about":[{"href":"https:\/\/lucacastelli.com\/fr\/wp-json\/wp\/v2\/types\/product"}],"wp:featuredmedia":[{"embeddable":true,"href":"https:\/\/lucacastelli.com\/fr\/wp-json\/wp\/v2\/media\/441138"}],"wp:attachment":[{"href":"https:\/\/lucacastelli.com\/fr\/wp-json\/wp\/v2\/media?parent=463664"}],"wp:term":[{"taxonomy":"product_brand","embeddable":true,"href":"https:\/\/lucacastelli.com\/fr\/wp-json\/wp\/v2\/product_brand?post=463664"},{"taxonomy":"product_cat","embeddable":true,"href":"https:\/\/lucacastelli.com\/fr\/wp-json\/wp\/v2\/product_cat?post=463664"},{"taxonomy":"product_tag","embeddable":true,"href":"https:\/\/lucacastelli.com\/fr\/wp-json\/wp\/v2\/product_tag?post=463664"}],"curies":[{"name":"wp","href":"https:\/\/api.w.org\/{rel}","templated":true}]}}