{"id":463656,"date":"2025-06-01T07:05:28","date_gmt":"2025-06-01T05:05:28","guid":{"rendered":"https:\/\/lucacastelli.com\/prodotto\/tondre\/"},"modified":"2025-06-29T08:02:16","modified_gmt":"2025-06-29T06:02:16","slug":"tondre","status":"publish","type":"product","link":"https:\/\/lucacastelli.com\/fr\/produit\/tondre\/","title":{"rendered":"Cisaille MILWAUKEE"},"content":{"rendered":"<p>Coupes pr\u00e9cises avec une profondeur de coupe maximale de 1,2 mm dans l\u2019acier&lt;Br&gt;  Rotation de la t\u00eate \u00e0 360\u00b0 avec 12 positions de verrouillage pour permettre l\u2019acc\u00e8s dans les espaces restreints&lt;Br&gt;  L\u2019\u00e9lectronique intelligente REDLINK\u2122 prot\u00e8ge le moteur et la batterie contre les surcharges&lt;Br&gt;  La surveillance individuelle des cellules am\u00e9liore l\u2019autonomie et la dur\u00e9e de vie de la batterie&lt;Br&gt;  Poign\u00e9e en ligne pour un meilleur contr\u00f4le&lt;Br&gt;  Interrupteur \u00e9lectronique pour un meilleur contr\u00f4le pendant la coupe&lt;Br&gt;  Clip de ceinture&lt;Br&gt;  La batterie REDLITHIUM\u2122 offre une construction de batterie sup\u00e9rieure, une \u00e9lectronique et des performances constantes pour offrir plus d\u2019autonomie et plus de travail pendant la dur\u00e9e de vie de la batterie&lt;Br&gt;  Fonctionne avec toutes les batteries de plate-forme MILWAUKEE\u00ae M18\u2122 18V<\/p>\n<p>CODE BARRE : 4002395006731<\/p>\n<p>Caract\u00e9ristiques techniques<br \/>\n180<\/p>\n<p>Livr\u00e9 sans piles, livr\u00e9 sans chargeur, livr\u00e9 sans kitbox ni sac<\/p>\n","protected":false},"excerpt":{"rendered":"<p>Coupes pr\u00e9cises avec une profondeur de coupe maximale de 1,2 mm dans l\u2019acier&lt;Br&gt; Rotation de la t\u00eate \u00e0 360\u00b0 avec<\/p>\n","protected":false},"featured_media":441399,"template":"","meta":{"_seopress_robots_primary_cat":"","_seopress_titles_title":"","_seopress_titles_desc":"","_seopress_robots_index":""},"product_brand":[3658],"product_cat":[1453,167],"product_tag":[3273],"class_list":{"0":"post-463656","1":"product","2":"type-product","3":"status-publish","4":"has-post-thumbnail","6":"product_brand-milwaukee-fr","7":"product_cat-autres-appareils","8":"product_cat-machines","9":"product_tag-import-milwau-fr","10":"sws-gruppo-macchinari-fr","11":"sws-conto-ricavi-merci-rivendita-macchinari-fr","12":"sws-gruppo-iva-iva81-fr","14":"first","15":"instock","16":"sale","17":"purchasable","18":"product-type-simple"},"_links":{"self":[{"href":"https:\/\/lucacastelli.com\/fr\/wp-json\/wp\/v2\/product\/463656","targetHints":{"allow":["GET"]}}],"collection":[{"href":"https:\/\/lucacastelli.com\/fr\/wp-json\/wp\/v2\/product"}],"about":[{"href":"https:\/\/lucacastelli.com\/fr\/wp-json\/wp\/v2\/types\/product"}],"wp:featuredmedia":[{"embeddable":true,"href":"https:\/\/lucacastelli.com\/fr\/wp-json\/wp\/v2\/media\/441399"}],"wp:attachment":[{"href":"https:\/\/lucacastelli.com\/fr\/wp-json\/wp\/v2\/media?parent=463656"}],"wp:term":[{"taxonomy":"product_brand","embeddable":true,"href":"https:\/\/lucacastelli.com\/fr\/wp-json\/wp\/v2\/product_brand?post=463656"},{"taxonomy":"product_cat","embeddable":true,"href":"https:\/\/lucacastelli.com\/fr\/wp-json\/wp\/v2\/product_cat?post=463656"},{"taxonomy":"product_tag","embeddable":true,"href":"https:\/\/lucacastelli.com\/fr\/wp-json\/wp\/v2\/product_tag?post=463656"}],"curies":[{"name":"wp","href":"https:\/\/api.w.org\/{rel}","templated":true}]}}